{"id":4551,"date":"2023-08-12T06:19:32","date_gmt":"2023-08-12T06:19:32","guid":{"rendered":"https:\/\/www.contactturkiye.com\/distributorunuz-olalim\/"},"modified":"2024-12-16T07:06:32","modified_gmt":"2024-12-16T07:06:32","slug":"distributorunuz-olalim","status":"publish","type":"page","link":"https:\/\/www.contactturkiye.com\/en\/distributorunuz-olalim\/","title":{"rendered":"Distrib\u00fct\u00f6r\u00fcn\u00fcz Olal\u0131m"},"content":{"rendered":"\t\t<div data-elementor-type=\"wp-page\" data-elementor-id=\"4551\" class=\"elementor elementor-4551 elementor-1078\">\n\t\t\t\t\t\t<section class=\"elementor-section elementor-top-section elementor-element elementor-element-10d2a537 services-details-area elementor-section-boxed elementor-section-height-default elementor-section-height-default\" data-id=\"10d2a537\" data-element_type=\"section\" data-e-type=\"section\">\n\t\t\t\t\t\t<div class=\"elementor-container elementor-column-gap-no\">\n\t\t\t\t\t<div class=\"elementor-column elementor-col-50 elementor-top-column elementor-element elementor-element-2d3460be services-sidebar\" data-id=\"2d3460be\" data-element_type=\"column\" data-e-type=\"column\">\n\t\t\t<div class=\"elementor-widget-wrap elementor-element-populated\">\n\t\t\t\t\t\t<div class=\"elementor-element elementor-element-2856695d elementor-widget elementor-widget-consua_service_navmenu\" data-id=\"2856695d\" data-element_type=\"widget\" data-e-type=\"widget\" data-widget_type=\"consua_service_navmenu.default\">\n\t\t\t\t<div class=\"elementor-widget-container\">\n\t\t\t\t\t\r\n    <!-- Start Service Navmenu \r\n    ============================================= -->\r\n    <div class=\"single-widget services-list-widget\">\r\n        <h4 class=\"widget-title\">Size \u00d6zel Hizmetlerimiz<\/h4>\r\n        <div class=\"content\">\r\n            \t\t            <div class=\"menu-service-sidebar-menu-container\"><ul id=\"menu-service-sidebar-menu\" class=\"menu\"><li id=\"menu-item-3055\" class=\"menu-item menu-item-type-post_type menu-item-object-page menu-item-3055\"><a href=\"https:\/\/www.contactturkiye.com\/urununuzu-satin-alalim\/\">Sell your product to us&#8230;..<\/a><\/li>\n<li id=\"menu-item-1933\" class=\"menu-item menu-item-type-post_type menu-item-object-page menu-item-1933\"><a href=\"https:\/\/www.contactturkiye.com\/urununuzu-kendi-markamizla-satalim\/\">\u00dcr\u00fcn\u00fcn\u00fcz\u00fc Kendi Markam\u0131zla Satal\u0131m<\/a><\/li>\n<li id=\"menu-item-1934\" class=\"menu-item menu-item-type-post_type menu-item-object-page menu-item-1934\"><a href=\"https:\/\/www.contactturkiye.com\/distributorunuz-olalim\/\">Distrib\u00fct\u00f6r\u00fcn\u00fcz Olal\u0131m<\/a><\/li>\n<li id=\"menu-item-1935\" class=\"menu-item menu-item-type-post_type menu-item-object-page menu-item-1935\"><a href=\"https:\/\/www.contactturkiye.com\/yerel-ortak-bulalim\/\">Yerel Ortak Bulal\u0131m<\/a><\/li>\n<li id=\"menu-item-1936\" class=\"menu-item menu-item-type-post_type menu-item-object-page menu-item-1936\"><a href=\"https:\/\/www.contactturkiye.com\/bilgilerinizi-veri-tabanimiza-ekleyelim\/\">Bilgilerinizi Veri Taban\u0131m\u0131za Ekleyelim<\/a><\/li>\n<\/ul><\/div>\t\t            <\/div>\r\n    <\/div>\r\n    <!-- End Service Navmenu \r\n    ============================================= -->\r\n\r\n    \t\t\t\t<\/div>\n\t\t\t\t<\/div>\n\t\t\t\t<div class=\"elementor-element elementor-element-9666109 elementor-hidden-tablet elementor-hidden-mobile elementor-widget elementor-widget-consua_service_cta\" data-id=\"9666109\" data-element_type=\"widget\" data-e-type=\"widget\" data-widget_type=\"consua_service_cta.default\">\n\t\t\t\t<div class=\"elementor-widget-container\">\n\t\t\t\t\t    <!-- Start Service CTA\r\n    ============================================= -->\r\n    <div class=\"single-widget bg-dark quick-contact-widget text-light\" style=\"background-image: url(https:\/\/validthemes.net\/themeforest\/wp\/consua\/wp-content\/uploads\/2023\/09\/15.png);\">\r\n        <div class=\"content\">\r\n            <h3>Yard\u0131ma m\u0131 ihtiyac\u0131n\u0131z var?<\/h3>\r\n            <p>\r\n              Size Nas\u0131l Yard\u0131mc\u0131 Olabiliriz. \u0130ster Form Doldur \u0130ster Ara . Her Zaman Bize Ula\u015fabilirisiniz            <\/p>\r\n            <h3>+90 216 706 18 39<\/h2>            <h2><a href=\"mailto:info@contactturkiye.com\">info@contactturkiye.com<\/a><\/h2>                        \t<a class=\"btn mt-30 circle btn-sm btn-gradient\" href=\"https:\/\/www.contactturkiye.com\/iletisim\/\">Bizimle \u0130rtibata Ge\u00e7<\/a>\r\n        \t        <\/div>\r\n    <\/div>\r\n    <!-- End Service CTA -->\r\n\t\t\t\t\t<\/div>\n\t\t\t\t<\/div>\n\t\t\t\t\t<\/div>\n\t\t<\/div>\n\t\t\t\t<div class=\"elementor-column elementor-col-50 elementor-top-column elementor-element elementor-element-33e15d6c\" data-id=\"33e15d6c\" data-element_type=\"column\" data-e-type=\"column\">\n\t\t\t<div class=\"elementor-widget-wrap elementor-element-populated\">\n\t\t\t\t\t\t<div class=\"elementor-element elementor-element-593a0428 elementor-widget elementor-widget-image\" data-id=\"593a0428\" data-element_type=\"widget\" data-e-type=\"widget\" data-widget_type=\"image.default\">\n\t\t\t\t<div class=\"elementor-widget-container\">\n\t\t\t\t\t\t\t\t\t\t\t\t\t\t\t<img fetchpriority=\"high\" decoding=\"async\" width=\"1500\" height=\"788\" src=\"https:\/\/www.contactturkiye.com\/wp-content\/uploads\/2024\/11\/15-kW-inverter-7.png\" class=\"attachment-full size-full wp-image-5419\" alt=\"\" srcset=\"https:\/\/www.contactturkiye.com\/wp-content\/uploads\/2024\/11\/15-kW-inverter-7.png 1500w, https:\/\/www.contactturkiye.com\/wp-content\/uploads\/2024\/11\/15-kW-inverter-7-300x158.png 300w, https:\/\/www.contactturkiye.com\/wp-content\/uploads\/2024\/11\/15-kW-inverter-7-1024x538.png 1024w, https:\/\/www.contactturkiye.com\/wp-content\/uploads\/2024\/11\/15-kW-inverter-7-768x403.png 768w\" sizes=\"(max-width: 1500px) 100vw, 1500px\" \/>\t\t\t\t\t\t\t\t\t\t\t\t\t\t\t<\/div>\n\t\t\t\t<\/div>\n\t\t\t\t<div class=\"elementor-element elementor-element-addbb4f elementor-widget elementor-widget-heading\" data-id=\"addbb4f\" data-element_type=\"widget\" data-e-type=\"widget\" data-widget_type=\"heading.default\">\n\t\t\t\t<div class=\"elementor-widget-container\">\n\t\t\t\t\t<h2 class=\"elementor-heading-title elementor-size-default\">Belirli \u00fclkeler i\u00e7in sat\u0131\u015f yetkisi veya distrib\u00fct\u00f6rl\u00fck alarak, bu pazarlarda b\u00fcy\u00fcmenize destek olabiliriz.\n<\/h2>\t\t\t\t<\/div>\n\t\t\t\t<\/div>\n\t\t\t\t<div class=\"elementor-element elementor-element-51de7b16 elementor-widget elementor-widget-text-editor\" data-id=\"51de7b16\" data-element_type=\"widget\" data-e-type=\"widget\" data-widget_type=\"text-editor.default\">\n\t\t\t\t<div class=\"elementor-widget-container\">\n\t\t\t\t\t\t\t\t\t<p>Uluslararas\u0131 pazarlarda b\u00fcy\u00fcmek, ba\u015far\u0131l\u0131 bir strateji ve do\u011fru i\u015f ortakl\u0131klar\u0131 gerektirir. Biz, \u00fcr\u00fcnlerinizi veya hizmetlerinizi daha geni\u015f bir kitleye ula\u015ft\u0131rabilmeniz i\u00e7in size \u00f6nemli bir \u00e7\u00f6z\u00fcm sunuyoruz: Belirli \u00fclkeler i\u00e7in sat\u0131\u015f yetkisi veya distrib\u00fct\u00f6rl\u00fck alarak, o pazarlarda h\u0131zl\u0131 ve etkili bir \u015fekilde b\u00fcy\u00fcmenize yard\u0131mc\u0131 olabiliriz. Bu model, sizin \u00fcr\u00fcnlerinizin ve bizim uzmanl\u0131\u011f\u0131m\u0131z\u0131n bir araya gelmesiyle, belirlenen hedef pazarlarda kal\u0131c\u0131 ba\u015far\u0131lar elde etmenizi sa\u011flar.<\/p><p>Sat\u0131\u015f yetkisi ya da distrib\u00fct\u00f6rl\u00fck almak, \u00f6zellikle yeni girdi\u011finiz pazarlarda i\u015f y\u00fck\u00fcn\u00fcz\u00fc hafifletirken, pazar pay\u0131n\u0131z\u0131 h\u0131zl\u0131 bir \u015fekilde art\u0131rman\u0131za olanak tan\u0131r. \u00d6ncelikle, birlikte detayl\u0131 bir pazar analizi yapar ve hangi \u00fclkelerde, hangi stratejilerle yer alman\u0131z gerekti\u011fini belirleriz. Hedef pazarlar\u0131n demografik yap\u0131s\u0131, sat\u0131n alma al\u0131\u015fkanl\u0131klar\u0131, rekabet durumu ve yerel d\u00fczenlemeler gibi fakt\u00f6rleri g\u00f6z \u00f6n\u00fcnde bulundurarak sizin i\u00e7in en uygun sat\u0131\u015f plan\u0131n\u0131 olu\u015ftururuz.<\/p><p>Biz, sat\u0131\u015f yetkisi veya distrib\u00fct\u00f6rl\u00fck ald\u0131\u011f\u0131m\u0131z \u00fclkelerde, \u00fcr\u00fcnlerinizin yerel pazar dinamiklerine uygun bir \u015fekilde tan\u0131t\u0131m\u0131n\u0131 ve sat\u0131\u015f\u0131n\u0131 ger\u00e7ekle\u015ftiririz. Bu s\u00fcre\u00e7te, markan\u0131z\u0131n bilinirli\u011fini art\u0131rmak i\u00e7in pazarlama stratejileri geli\u015ftirir, yerel da\u011f\u0131t\u0131m a\u011flar\u0131n\u0131 ve perakende kanallar\u0131n\u0131 etkin bir \u015fekilde y\u00f6netiriz. Ayn\u0131 zamanda \u00fclke baz\u0131nda kurmaya ba\u015flayaca\u011f\u0131m\u0131z yerel sat\u0131\u015f ekibimiz ve geni\u015f bayi a\u011f\u0131m\u0131z sayesinde, \u00fcr\u00fcnlerinizin do\u011fru hedef kitleye ula\u015fmas\u0131n\u0131 sa\u011flar\u0131z.<\/p><p>Distrib\u00fct\u00f6rl\u00fck ya da sat\u0131\u015f yetkisi modeli, ayn\u0131 zamanda lojistik ve operasyonel s\u00fcre\u00e7lerin de sorunsuz bir \u015fekilde y\u00f6netilmesini sa\u011flar. Biz, \u00fcr\u00fcnlerinizin yerel d\u00fczenlemelere uygunlu\u011funu garanti ederken, g\u00fcmr\u00fck i\u015flemleri, envanter y\u00f6netimi ve yerel teslimat gibi konularla da ilgileniriz. B\u00f6ylece siz, i\u015finizin \u00fcretim ve geli\u015ftirme s\u00fcre\u00e7lerine odaklan\u0131rken, biz \u00fcr\u00fcnlerinizin do\u011fru pazarlarda b\u00fcy\u00fcmesini sa\u011flar\u0131z.<\/p><p>Bu i\u015f birli\u011fi modeli, sadece sat\u0131\u015f rakamlar\u0131n\u0131 art\u0131rmakla kalmaz, ayn\u0131 zamanda \u00fcr\u00fcnlerinizin yerel pazarlarda uzun vadeli bir ba\u015far\u0131 yakalamas\u0131n\u0131 sa\u011flar. Her ad\u0131mda \u015feffafl\u0131k ve g\u00fcven esas\u0131na dayanan bu modelle, k\u00fcresel pazarlarda markan\u0131z\u0131 g\u00fc\u00e7l\u00fc bir konuma getirmek bizim \u00f6nceli\u011fimizdir.<\/p>\t\t\t\t\t\t\t\t<\/div>\n\t\t\t\t<\/div>\n\t\t\t\t\t<\/div>\n\t\t<\/div>\n\t\t\t\t\t<\/div>\n\t\t<\/section>\n\t\t<div class=\"elementor-element elementor-element-84c7902 e-flex e-con-boxed e-con e-parent\" data-id=\"84c7902\" data-element_type=\"container\" data-e-type=\"container\">\n\t\t\t\t\t<div class=\"e-con-inner\">\n\t\t\t\t<div class=\"elementor-element elementor-element-32749c7 elementor-hidden-desktop elementor-widget elementor-widget-consua_service_cta\" data-id=\"32749c7\" data-element_type=\"widget\" data-e-type=\"widget\" data-widget_type=\"consua_service_cta.default\">\n\t\t\t\t<div class=\"elementor-widget-container\">\n\t\t\t\t\t    <!-- Start Service CTA\r\n    ============================================= -->\r\n    <div class=\"single-widget bg-dark quick-contact-widget text-light\" style=\"background-image: url(https:\/\/validthemes.net\/themeforest\/wp\/consua\/wp-content\/uploads\/2023\/09\/15.png);\">\r\n        <div class=\"content\">\r\n            <h3>Yard\u0131ma m\u0131 ihtiyac\u0131n\u0131z var?<\/h3>\r\n            <p>\r\n              Size Nas\u0131l Yard\u0131mc\u0131 Olabiliriz. \u0130ster Form Doldur \u0130ster Ara . Her Zaman Bize Ula\u015fabilirisiniz\n\n            <\/p>\r\n            <h3>+90 216 706 18 39<\/h3>            <h2><a href=\"mailto:info@contactturkiye.com\">info@contactturkiye.com<\/a><\/h2>                        \t<a class=\"btn mt-30 circle btn-sm btn-gradient\" href=\"https:\/\/www.contactturkiye.com\/iletisim\/\">Bizimle \u0130leti\u015fime Ge\u00e7<\/a>\r\n        \t        <\/div>\r\n    <\/div>\r\n    <!-- End Service CTA -->\r\n\t\t\t\t\t<\/div>\n\t\t\t\t<\/div>\n\t\t\t\t\t<\/div>\n\t\t\t\t<\/div>\n\t\t\t\t<\/div>\n\t\t","protected":false},"excerpt":{"rendered":"<p>Size \u00d6zel Hizmetlerimiz \u00dcr\u00fcn\u00fcn\u00fcz\u00fc Bize Sat\u0131n Markam\u0131z \u0130\u00e7in \u00dcretin Distrib\u00fct\u00f6r\u00fcn\u00fcz Olal\u0131m Yurt D\u0131\u015f\u0131nda Yerel Ortak Bulal\u0131m Bilgilerinizi Veri Taban\u0131m\u0131za \u0130\u015fleyelim Yard\u0131ma m\u0131 ihtiyac\u0131n\u0131z var? Size Nas\u0131l Yard\u0131mc\u0131 Olabiliriz. \u0130ster Form Doldur \u0130ster Ara . Her Zaman Bize Ula\u015fabilirisiniz +90 216 706 18 39 info@contactturkiye.com Bizimle \u0130rtibata Ge\u00e7 Belirli \u00fclkeler i\u00e7in sat\u0131\u015f yetkisi veya distrib\u00fct\u00f6rl\u00fck alarak,&#8230;<\/p>\n","protected":false},"author":1,"featured_media":0,"parent":0,"menu_order":0,"comment_status":"closed","ping_status":"closed","template":"elementor_header_footer","meta":{"footnotes":""},"class_list":["post-4551","page","type-page","status-publish","hentry"],"_links":{"self":[{"href":"https:\/\/www.contactturkiye.com\/en\/wp-json\/wp\/v2\/pages\/4551","targetHints":{"allow":["GET"]}}],"collection":[{"href":"https:\/\/www.contactturkiye.com\/en\/wp-json\/wp\/v2\/pages"}],"about":[{"href":"https:\/\/www.contactturkiye.com\/en\/wp-json\/wp\/v2\/types\/page"}],"author":[{"embeddable":true,"href":"https:\/\/www.contactturkiye.com\/en\/wp-json\/wp\/v2\/users\/1"}],"replies":[{"embeddable":true,"href":"https:\/\/www.contactturkiye.com\/en\/wp-json\/wp\/v2\/comments?post=4551"}],"version-history":[{"count":31,"href":"https:\/\/www.contactturkiye.com\/en\/wp-json\/wp\/v2\/pages\/4551\/revisions"}],"predecessor-version":[{"id":5673,"href":"https:\/\/www.contactturkiye.com\/en\/wp-json\/wp\/v2\/pages\/4551\/revisions\/5673"}],"wp:attachment":[{"href":"https:\/\/www.contactturkiye.com\/en\/wp-json\/wp\/v2\/media?parent=4551"}],"curies":[{"name":"wp","href":"https:\/\/api.w.org\/{rel}","templated":true}]}}