{"id":4550,"date":"2023-08-12T06:19:22","date_gmt":"2023-08-12T06:19:22","guid":{"rendered":"https:\/\/www.contactturkiye.com\/bilgilerinizi-veri-tabanimiza-ekleyelim\/"},"modified":"2024-12-16T07:07:24","modified_gmt":"2024-12-16T07:07:24","slug":"bilgilerinizi-veri-tabanimiza-ekleyelim","status":"publish","type":"page","link":"https:\/\/www.contactturkiye.com\/en\/bilgilerinizi-veri-tabanimiza-ekleyelim\/","title":{"rendered":"Bilgilerinizi Veri Taban\u0131m\u0131za Ekleyelim"},"content":{"rendered":"\t\t<div data-elementor-type=\"wp-page\" data-elementor-id=\"4550\" class=\"elementor elementor-4550 elementor-1076\">\n\t\t\t\t\t\t<section class=\"elementor-section elementor-top-section elementor-element elementor-element-19828ff3 services-details-area elementor-section-boxed elementor-section-height-default elementor-section-height-default\" data-id=\"19828ff3\" data-element_type=\"section\" data-e-type=\"section\">\n\t\t\t\t\t\t<div class=\"elementor-container elementor-column-gap-no\">\n\t\t\t\t\t<div class=\"elementor-column elementor-col-50 elementor-top-column elementor-element elementor-element-4288b16c services-sidebar\" data-id=\"4288b16c\" data-element_type=\"column\" data-e-type=\"column\">\n\t\t\t<div class=\"elementor-widget-wrap elementor-element-populated\">\n\t\t\t\t\t\t<div class=\"elementor-element elementor-element-5ac3bb12 elementor-widget elementor-widget-consua_service_navmenu\" data-id=\"5ac3bb12\" data-element_type=\"widget\" data-e-type=\"widget\" data-widget_type=\"consua_service_navmenu.default\">\n\t\t\t\t<div class=\"elementor-widget-container\">\n\t\t\t\t\t\r\n    <!-- Start Service Navmenu \r\n    ============================================= -->\r\n    <div class=\"single-widget services-list-widget\">\r\n        <h4 class=\"widget-title\">Size \u00d6zel Hizmetlerimiz<\/h4>\r\n        <div class=\"content\">\r\n            \t\t            <div class=\"menu-service-sidebar-menu-container\"><ul id=\"menu-service-sidebar-menu\" class=\"menu\"><li id=\"menu-item-3055\" class=\"menu-item menu-item-type-post_type menu-item-object-page menu-item-3055\"><a href=\"https:\/\/www.contactturkiye.com\/urununuzu-satin-alalim\/\">Sell your product to us&#8230;..<\/a><\/li>\n<li id=\"menu-item-1933\" class=\"menu-item menu-item-type-post_type menu-item-object-page menu-item-1933\"><a href=\"https:\/\/www.contactturkiye.com\/urununuzu-kendi-markamizla-satalim\/\">\u00dcr\u00fcn\u00fcn\u00fcz\u00fc Kendi Markam\u0131zla Satal\u0131m<\/a><\/li>\n<li id=\"menu-item-1934\" class=\"menu-item menu-item-type-post_type menu-item-object-page menu-item-1934\"><a href=\"https:\/\/www.contactturkiye.com\/distributorunuz-olalim\/\">Distrib\u00fct\u00f6r\u00fcn\u00fcz Olal\u0131m<\/a><\/li>\n<li id=\"menu-item-1935\" class=\"menu-item menu-item-type-post_type menu-item-object-page menu-item-1935\"><a href=\"https:\/\/www.contactturkiye.com\/yerel-ortak-bulalim\/\">Yerel Ortak Bulal\u0131m<\/a><\/li>\n<li id=\"menu-item-1936\" class=\"menu-item menu-item-type-post_type menu-item-object-page menu-item-1936\"><a href=\"https:\/\/www.contactturkiye.com\/bilgilerinizi-veri-tabanimiza-ekleyelim\/\">Bilgilerinizi Veri Taban\u0131m\u0131za Ekleyelim<\/a><\/li>\n<\/ul><\/div>\t\t            <\/div>\r\n    <\/div>\r\n    <!-- End Service Navmenu \r\n    ============================================= -->\r\n\r\n    \t\t\t\t<\/div>\n\t\t\t\t<\/div>\n\t\t\t\t<div class=\"elementor-element elementor-element-373934e elementor-hidden-tablet elementor-hidden-mobile elementor-widget elementor-widget-consua_service_cta\" data-id=\"373934e\" data-element_type=\"widget\" data-e-type=\"widget\" data-widget_type=\"consua_service_cta.default\">\n\t\t\t\t<div class=\"elementor-widget-container\">\n\t\t\t\t\t    <!-- Start Service CTA\r\n    ============================================= -->\r\n    <div class=\"single-widget bg-dark quick-contact-widget text-light\" style=\"background-image: url(https:\/\/validthemes.net\/themeforest\/wp\/consua\/wp-content\/uploads\/2023\/09\/15.png);\">\r\n        <div class=\"content\">\r\n            <h3>Yard\u0131ma m\u0131 ihtiyac\u0131n\u0131z var?<\/h3>\r\n            <p>\r\n              Size Nas\u0131l Yard\u0131mc\u0131 Olabiliriz. \u0130ster Form Doldur \u0130ster Ara . Her Zaman Bize Ula\u015fabilirisiniz\n\n            <\/p>\r\n            <h3>+90 216 706 18 39<\/h3>            <h2><a href=\"mailto:info@contactturkiye.com\">info@contactturkiye.com<\/a><\/h2>                        \t<a class=\"btn mt-30 circle btn-sm btn-gradient\" href=\"https:\/\/www.contactturkiye.com\/iletisim\/\">Bizimle \u0130leti\u015fime Ge\u00e7<\/a>\r\n        \t        <\/div>\r\n    <\/div>\r\n    <!-- End Service CTA -->\r\n\t\t\t\t\t<\/div>\n\t\t\t\t<\/div>\n\t\t\t\t\t<\/div>\n\t\t<\/div>\n\t\t\t\t<div class=\"elementor-column elementor-col-50 elementor-top-column elementor-element elementor-element-38893cce\" data-id=\"38893cce\" data-element_type=\"column\" data-e-type=\"column\">\n\t\t\t<div class=\"elementor-widget-wrap elementor-element-populated\">\n\t\t\t\t\t\t<div class=\"elementor-element elementor-element-7409e84e elementor-widget elementor-widget-image\" data-id=\"7409e84e\" data-element_type=\"widget\" data-e-type=\"widget\" data-widget_type=\"image.default\">\n\t\t\t\t<div class=\"elementor-widget-container\">\n\t\t\t\t\t\t\t\t\t\t\t\t\t\t\t<img decoding=\"async\" src=\"https:\/\/www.contactturkiye.com\/wp-content\/uploads\/elementor\/thumbs\/24-qx06u9geiwhx0ggchmnf5c0j8k81xvl627m9zc6suk.png\" title=\"24\" alt=\"24\" loading=\"lazy\" \/>\t\t\t\t\t\t\t\t\t\t\t\t\t\t\t<\/div>\n\t\t\t\t<\/div>\n\t\t\t\t<div class=\"elementor-element elementor-element-49fa4f3e elementor-widget elementor-widget-heading\" data-id=\"49fa4f3e\" data-element_type=\"widget\" data-e-type=\"widget\" data-widget_type=\"heading.default\">\n\t\t\t\t<div class=\"elementor-widget-container\">\n\t\t\t\t\t<h2 class=\"elementor-heading-title elementor-size-default\">Firman\u0131z\u0131 veri taban\u0131m\u0131za ekleyerek, al\u0131m taleplerine y\u00f6nelik uygun f\u0131rsatlar sa\u011flayabiliriz.<\/h2>\t\t\t\t<\/div>\n\t\t\t\t<\/div>\n\t\t\t\t<div class=\"elementor-element elementor-element-4d160e59 elementor-widget elementor-widget-text-editor\" data-id=\"4d160e59\" data-element_type=\"widget\" data-e-type=\"widget\" data-widget_type=\"text-editor.default\">\n\t\t\t\t<div class=\"elementor-widget-container\">\n\t\t\t\t\t\t\t\t\t<p>K\u00fcresel ticarette ba\u015far\u0131l\u0131 olman\u0131n en \u00f6nemli yollar\u0131ndan biri, do\u011fru zamanda do\u011fru f\u0131rsatlarla bulu\u015fmakt\u0131r. Biz, firman\u0131z\u0131 geni\u015f \u00e7apl\u0131 veritaban\u0131m\u0131za ekleyerek, sizin i\u00e7in en uygun al\u0131m taleplerine h\u0131zl\u0131 ve etkili \u00e7\u00f6z\u00fcmler sunuyoruz. Bu sayede, hedefledi\u011finiz pazarlardaki f\u0131rsatlar\u0131 ka\u00e7\u0131rmadan, do\u011fru i\u015f ortaklar\u0131 ve al\u0131c\u0131larla bulu\u015fabilirsiniz.<\/p><p>Firman\u0131z\u0131 veritaban\u0131m\u0131za ekledi\u011fimizde, sekt\u00f6r\u00fcn\u00fczdeki g\u00fcncel talep ve f\u0131rsatlar\u0131 sizinle an\u0131nda payla\u015farak, ihtiya\u00e7lar\u0131n\u0131za en uygun teklifleri de\u011ferlendirmenizi sa\u011fl\u0131yoruz. Bu sistem, \u00f6zellikle d\u0131\u015f ticaret ve global pazar geni\u015flemesi hedefleyen firmalar i\u00e7in b\u00fcy\u00fck bir avantaj sunar. Veritaban\u0131m\u0131z, farkl\u0131 sekt\u00f6rlerden gelen talepler ve i\u015f f\u0131rsatlar\u0131n\u0131 s\u00fcrekli olarak g\u00fcncelleyerek, size dinamik ve s\u00fcrekli bir b\u00fcy\u00fcme imk\u00e2n\u0131 sa\u011flar.<\/p><p>Al\u0131m talepleri, d\u00fcnyan\u0131n d\u00f6rt bir yan\u0131ndan \u00e7e\u015fitli firmalar ve sekt\u00f6rlerden gelebilir. Biz, firman\u0131z\u0131n \u00fcr\u00fcn ve hizmet profilini detayl\u0131 bir \u015fekilde analiz ederek, sizinle en uyumlu f\u0131rsatlar\u0131 e\u015fle\u015ftiririz. B\u00f6ylece, i\u015finizi b\u00fcy\u00fctmek i\u00e7in gereksiz zaman ve kaynak harcamadan, size en uygun f\u0131rsatlara odaklanabilirsiniz. Hem yerel hem de uluslararas\u0131 pazarlarda potansiyel al\u0131c\u0131lar ve i\u015f ortaklar\u0131yla ileti\u015fime ge\u00e7menizi sa\u011flayarak, i\u015f hacminizi art\u0131rman\u0131z\u0131 destekliyoruz.<\/p><p>Veritaban\u0131m\u0131zda yer almak, ayn\u0131 zamanda firman\u0131z\u0131n k\u00fcresel \u00f6l\u00e7ekte daha fazla g\u00f6r\u00fcn\u00fcrl\u00fck kazanmas\u0131n\u0131 sa\u011flar. Firman\u0131z\u0131 d\u00fczenli olarak g\u00fcncellenen bu a\u011f\u0131n bir par\u00e7as\u0131 haline getirerek, i\u015f f\u0131rsatlar\u0131n\u0131 ka\u00e7\u0131rmadan rekabet avantaj\u0131n\u0131z\u0131 art\u0131rabilirsiniz.<\/p><p>H\u0131zl\u0131 de\u011fi\u015fen global pazarda ba\u015far\u0131ya ula\u015fman\u0131n yolu, do\u011fru bilgi ve do\u011fru ba\u011flant\u0131lardan ge\u00e7er. Biz, firman\u0131z\u0131 en do\u011fru i\u015f f\u0131rsatlar\u0131yla bulu\u015fturarak, b\u00fcy\u00fcmenizi h\u0131zland\u0131rmay\u0131 ve s\u00fcrd\u00fcr\u00fclebilir bir ba\u015far\u0131 elde etmenizi ama\u00e7l\u0131yoruz.<\/p>\t\t\t\t\t\t\t\t<\/div>\n\t\t\t\t<\/div>\n\t\t\t\t\t<\/div>\n\t\t<\/div>\n\t\t\t\t\t<\/div>\n\t\t<\/section>\n\t\t<div class=\"elementor-element elementor-element-9755527 e-flex e-con-boxed e-con e-parent\" data-id=\"9755527\" data-element_type=\"container\" data-e-type=\"container\">\n\t\t\t\t\t<div class=\"e-con-inner\">\n\t\t\t\t<div class=\"elementor-element elementor-element-e7f0463 elementor-hidden-desktop elementor-widget elementor-widget-consua_service_cta\" data-id=\"e7f0463\" data-element_type=\"widget\" data-e-type=\"widget\" data-widget_type=\"consua_service_cta.default\">\n\t\t\t\t<div class=\"elementor-widget-container\">\n\t\t\t\t\t    <!-- Start Service CTA\r\n    ============================================= -->\r\n    <div class=\"single-widget bg-dark quick-contact-widget text-light\" style=\"background-image: url(https:\/\/validthemes.net\/themeforest\/wp\/consua\/wp-content\/uploads\/2023\/09\/15.png);\">\r\n        <div class=\"content\">\r\n            <h3>Yard\u0131ma m\u0131 ihtiyac\u0131n\u0131z var?<\/h3>\r\n            <p>\r\n              Size Nas\u0131l Yard\u0131mc\u0131 Olabiliriz. \u0130ster Form Doldur \u0130ster Ara . Her Zaman Bize Ula\u015fabilirisiniz\n\n            <\/p>\r\n            <h3>+90 216 706 18 39<\/h3>            <h2><a href=\"mailto:info@contactturkiye.com\">info@contactturkiye.com<\/a><\/h2>                        \t<a class=\"btn mt-30 circle btn-sm btn-gradient\" href=\"https:\/\/www.contactturkiye.com\/iletisim\/\">Bizimle \u0130leti\u015fime Ge\u00e7<\/a>\r\n        \t        <\/div>\r\n    <\/div>\r\n    <!-- End Service CTA -->\r\n\t\t\t\t\t<\/div>\n\t\t\t\t<\/div>\n\t\t\t\t\t<\/div>\n\t\t\t\t<\/div>\n\t\t\t\t<\/div>\n\t\t","protected":false},"excerpt":{"rendered":"<p>Size \u00d6zel Hizmetlerimiz \u00dcr\u00fcn\u00fcn\u00fcz\u00fc Bize Sat\u0131n Markam\u0131z \u0130\u00e7in \u00dcretin Distrib\u00fct\u00f6r\u00fcn\u00fcz Olal\u0131m Yurt D\u0131\u015f\u0131nda Yerel Ortak Bulal\u0131m Bilgilerinizi Veri Taban\u0131m\u0131za \u0130\u015fleyelim Yard\u0131ma m\u0131 ihtiyac\u0131n\u0131z var? Size Nas\u0131l Yard\u0131mc\u0131 Olabiliriz. \u0130ster Form Doldur \u0130ster Ara . Her Zaman Bize Ula\u015fabilirisiniz +90 216 706 18 39 info@contactturkiye.com Bizimle \u0130leti\u015fime Ge\u00e7 Firman\u0131z\u0131 veri taban\u0131m\u0131za ekleyerek, al\u0131m taleplerine y\u00f6nelik uygun&#8230;<\/p>\n","protected":false},"author":1,"featured_media":0,"parent":0,"menu_order":0,"comment_status":"closed","ping_status":"closed","template":"elementor_header_footer","meta":{"footnotes":""},"class_list":["post-4550","page","type-page","status-publish","hentry"],"_links":{"self":[{"href":"https:\/\/www.contactturkiye.com\/en\/wp-json\/wp\/v2\/pages\/4550","targetHints":{"allow":["GET"]}}],"collection":[{"href":"https:\/\/www.contactturkiye.com\/en\/wp-json\/wp\/v2\/pages"}],"about":[{"href":"https:\/\/www.contactturkiye.com\/en\/wp-json\/wp\/v2\/types\/page"}],"author":[{"embeddable":true,"href":"https:\/\/www.contactturkiye.com\/en\/wp-json\/wp\/v2\/users\/1"}],"replies":[{"embeddable":true,"href":"https:\/\/www.contactturkiye.com\/en\/wp-json\/wp\/v2\/comments?post=4550"}],"version-history":[{"count":25,"href":"https:\/\/www.contactturkiye.com\/en\/wp-json\/wp\/v2\/pages\/4550\/revisions"}],"predecessor-version":[{"id":5685,"href":"https:\/\/www.contactturkiye.com\/en\/wp-json\/wp\/v2\/pages\/4550\/revisions\/5685"}],"wp:attachment":[{"href":"https:\/\/www.contactturkiye.com\/en\/wp-json\/wp\/v2\/media?parent=4550"}],"curies":[{"name":"wp","href":"https:\/\/api.w.org\/{rel}","templated":true}]}}