{"id":4549,"date":"2023-08-12T06:18:57","date_gmt":"2023-08-12T06:18:57","guid":{"rendered":"https:\/\/www.contactturkiye.com\/urununuzu-kendi-markamizla-satalim\/"},"modified":"2024-12-16T07:05:41","modified_gmt":"2024-12-16T07:05:41","slug":"urununuzu-kendi-markamizla-satalim","status":"publish","type":"page","link":"https:\/\/www.contactturkiye.com\/en\/urununuzu-kendi-markamizla-satalim\/","title":{"rendered":"\u00dcr\u00fcn\u00fcn\u00fcz\u00fc Kendi Markam\u0131zla Satal\u0131m"},"content":{"rendered":"\t\t<div data-elementor-type=\"wp-page\" data-elementor-id=\"4549\" class=\"elementor elementor-4549 elementor-1074\">\n\t\t\t\t\t\t<section class=\"elementor-section elementor-top-section elementor-element elementor-element-1d7460f9 services-details-area elementor-section-boxed elementor-section-height-default elementor-section-height-default\" data-id=\"1d7460f9\" data-element_type=\"section\" data-e-type=\"section\">\n\t\t\t\t\t\t<div class=\"elementor-container elementor-column-gap-no\">\n\t\t\t\t\t<div class=\"elementor-column elementor-col-50 elementor-top-column elementor-element elementor-element-1a6d1c63 services-sidebar\" data-id=\"1a6d1c63\" data-element_type=\"column\" data-e-type=\"column\">\n\t\t\t<div class=\"elementor-widget-wrap elementor-element-populated\">\n\t\t\t\t\t\t<div class=\"elementor-element elementor-element-162b2fac elementor-widget elementor-widget-consua_service_navmenu\" data-id=\"162b2fac\" data-element_type=\"widget\" data-e-type=\"widget\" data-widget_type=\"consua_service_navmenu.default\">\n\t\t\t\t<div class=\"elementor-widget-container\">\n\t\t\t\t\t\r\n    <!-- Start Service Navmenu \r\n    ============================================= -->\r\n    <div class=\"single-widget services-list-widget\">\r\n        <h4 class=\"widget-title\">Size \u00d6zel Hizmetlerimiz<\/h4>\r\n        <div class=\"content\">\r\n            \t\t            <div class=\"menu-service-sidebar-menu-container\"><ul id=\"menu-service-sidebar-menu\" class=\"menu\"><li id=\"menu-item-3055\" class=\"menu-item menu-item-type-post_type menu-item-object-page menu-item-3055\"><a href=\"https:\/\/www.contactturkiye.com\/urununuzu-satin-alalim\/\">Sell your product to us&#8230;..<\/a><\/li>\n<li id=\"menu-item-1933\" class=\"menu-item menu-item-type-post_type menu-item-object-page menu-item-1933\"><a href=\"https:\/\/www.contactturkiye.com\/urununuzu-kendi-markamizla-satalim\/\">\u00dcr\u00fcn\u00fcn\u00fcz\u00fc Kendi Markam\u0131zla Satal\u0131m<\/a><\/li>\n<li id=\"menu-item-1934\" class=\"menu-item menu-item-type-post_type menu-item-object-page menu-item-1934\"><a href=\"https:\/\/www.contactturkiye.com\/distributorunuz-olalim\/\">Distrib\u00fct\u00f6r\u00fcn\u00fcz Olal\u0131m<\/a><\/li>\n<li id=\"menu-item-1935\" class=\"menu-item menu-item-type-post_type menu-item-object-page menu-item-1935\"><a href=\"https:\/\/www.contactturkiye.com\/yerel-ortak-bulalim\/\">Yerel Ortak Bulal\u0131m<\/a><\/li>\n<li id=\"menu-item-1936\" class=\"menu-item menu-item-type-post_type menu-item-object-page menu-item-1936\"><a href=\"https:\/\/www.contactturkiye.com\/bilgilerinizi-veri-tabanimiza-ekleyelim\/\">Bilgilerinizi Veri Taban\u0131m\u0131za Ekleyelim<\/a><\/li>\n<\/ul><\/div>\t\t            <\/div>\r\n    <\/div>\r\n    <!-- End Service Navmenu \r\n    ============================================= -->\r\n\r\n    \t\t\t\t<\/div>\n\t\t\t\t<\/div>\n\t\t\t\t<div class=\"elementor-element elementor-element-4a68575e elementor-hidden-tablet elementor-hidden-mobile elementor-widget elementor-widget-consua_service_cta\" data-id=\"4a68575e\" data-element_type=\"widget\" data-e-type=\"widget\" data-widget_type=\"consua_service_cta.default\">\n\t\t\t\t<div class=\"elementor-widget-container\">\n\t\t\t\t\t    <!-- Start Service CTA\r\n    ============================================= -->\r\n    <div class=\"single-widget bg-dark quick-contact-widget text-light\" style=\"background-image: url(https:\/\/validthemes.net\/themeforest\/wp\/consua\/wp-content\/uploads\/2023\/09\/15.png);\">\r\n        <div class=\"content\">\r\n            <h3>Yard\u0131ma m\u0131 ihtiyac\u0131n\u0131z var?<\/h3>\r\n            <p>\r\n              Size Nas\u0131l Yard\u0131mc\u0131 Olabiliriz. \u0130ster Form Doldur \u0130ster Ara . Her Zaman Bize Ula\u015fabilirisiniz\n\n            <\/p>\r\n            <h3>+90 216 706 18 39<\/h3>            <h2><a href=\"mailto:info@contactturkiye.com\">info@contactturkiye.com<\/a><\/h2>                        \t<a class=\"btn mt-30 circle btn-sm btn-gradient\" href=\"https:\/\/www.contactturkiye.com\/iletisim\/\">Bizimle \u0130leti\u015fime Ge\u00e7<\/a>\r\n        \t        <\/div>\r\n    <\/div>\r\n    <!-- End Service CTA -->\r\n\t\t\t\t\t<\/div>\n\t\t\t\t<\/div>\n\t\t\t\t\t<\/div>\n\t\t<\/div>\n\t\t\t\t<div class=\"elementor-column elementor-col-50 elementor-top-column elementor-element elementor-element-8f46955\" data-id=\"8f46955\" data-element_type=\"column\" data-e-type=\"column\">\n\t\t\t<div class=\"elementor-widget-wrap elementor-element-populated\">\n\t\t\t\t\t\t<div class=\"elementor-element elementor-element-107d198d elementor-widget elementor-widget-image\" data-id=\"107d198d\" data-element_type=\"widget\" data-e-type=\"widget\" data-widget_type=\"image.default\">\n\t\t\t\t<div class=\"elementor-widget-container\">\n\t\t\t\t\t\t\t\t\t\t\t\t\t\t\t<img decoding=\"async\" src=\"https:\/\/www.contactturkiye.com\/wp-content\/uploads\/elementor\/thumbs\/22-qx06ot04uj0zlydpcrqe67l7314c94x9n79soia2z0.png\" title=\"22\" alt=\"22\" loading=\"lazy\" \/>\t\t\t\t\t\t\t\t\t\t\t\t\t\t\t<\/div>\n\t\t\t\t<\/div>\n\t\t\t\t<div class=\"elementor-element elementor-element-427dc3a elementor-widget elementor-widget-heading\" data-id=\"427dc3a\" data-element_type=\"widget\" data-e-type=\"widget\" data-widget_type=\"heading.default\">\n\t\t\t\t<div class=\"elementor-widget-container\">\n\t\t\t\t\t<h2 class=\"elementor-heading-title elementor-size-default\">\u00dcr\u00fcnlerinizi markam\u0131z alt\u0131nda \u00fcrettirip pazara sunabiliriz.<\/h2>\t\t\t\t<\/div>\n\t\t\t\t<\/div>\n\t\t\t\t<div class=\"elementor-element elementor-element-130e0de elementor-widget elementor-widget-text-editor\" data-id=\"130e0de\" data-element_type=\"widget\" data-e-type=\"widget\" data-widget_type=\"text-editor.default\">\n\t\t\t\t<div class=\"elementor-widget-container\">\n\t\t\t\t\t\t\t\t\t<p>Geli\u015ftirdi\u011finiz kaliteli \u00fcr\u00fcnleri daha geni\u015f kitlelere ula\u015ft\u0131rmak ve farkl\u0131 pazarlarda g\u00fc\u00e7l\u00fc bir yer edinmek i\u00e7in size benzersiz bir f\u0131rsat sunuyoruz: \u00dcr\u00fcnlerinizi kendi markam\u0131z alt\u0131nda \u00fcrettirip, pazara \u00e7\u0131karabiliriz. Bu i\u015f modeli, sizin \u00fcr\u00fcnlerinizin kalitesini ve \u00fcretim g\u00fcc\u00fcn\u00fc, bizim marka bilinirli\u011fimiz ve geni\u015f pazar a\u011f\u0131m\u0131zla birle\u015ftirerek hem sizin hem de bizim i\u00e7in kazan\u00e7l\u0131 bir i\u015f ortakl\u0131\u011f\u0131 yarat\u0131r.<\/p><p>Bu s\u00fcre\u00e7, ilk olarak \u00fcr\u00fcnlerinizin detayl\u0131 bir de\u011ferlendirmesini yapmam\u0131zla ba\u015flar. \u00dcr\u00fcnlerinizi, hedef pazar\u0131n taleplerine ve markam\u0131z\u0131n kalite standartlar\u0131na g\u00f6re inceleyip, sizinle birlikte \u00fcretim s\u00fcrecini optimize ederiz. \u00dcr\u00fcn geli\u015ftirme, \u00fcretim maliyetleri, ambalajlama ve lojistik gibi t\u00fcm operasyonel s\u00fcre\u00e7lerde sizinle i\u015f birli\u011fi yapar\u0131z. \u00dcr\u00fcnlerinizin her a\u015famas\u0131nda kalite kontrol\u00fcn\u00fc sa\u011flarken, yerel d\u00fczenlemelere uygunlu\u011fu ve pazardaki rekabet avantaj\u0131n\u0131z\u0131 da g\u00f6zetiriz.<\/p><p>Markam\u0131z\u0131n sahip oldu\u011fu geni\u015f m\u00fc\u015fteri kitlesi ve pazar tecr\u00fcbesi, \u00fcr\u00fcnlerinizin daha h\u0131zl\u0131 ve etkili bir \u015fekilde pazara girmesini sa\u011flar. Kendi markam\u0131z alt\u0131nda piyasaya s\u00fcrd\u00fc\u011f\u00fcm\u00fcz \u00fcr\u00fcnler, hem g\u00fcvenilirli\u011fi hem de kaliteyi temsil eder. Bu nedenle, \u00fcr\u00fcnlerinizi potansiyel m\u00fc\u015fterilere daha h\u0131zl\u0131 ula\u015ft\u0131rmak, marka sadakati yaratmak ve sat\u0131\u015flar\u0131 art\u0131rmak i\u00e7in b\u00fcy\u00fck bir avantaj elde etmi\u015f olursunuz.<\/p><p>\u00dcr\u00fcnlerinizi markam\u0131z\u0131n g\u00fcvencesiyle pazara \u00e7\u0131karman\u0131n sa\u011flad\u0131\u011f\u0131 bir di\u011fer avantaj ise sat\u0131\u015f sonras\u0131 hizmetlerin profesyonelce y\u00f6netilmesidir. Pazara sundu\u011fumuz \u00fcr\u00fcnlerin, m\u00fc\u015fteri memnuniyetini en \u00fcst d\u00fczeye \u00e7\u0131karmak i\u00e7in sat\u0131\u015f sonras\u0131 deste\u011fiyle de yan\u0131nday\u0131z. Hem yerel hem de uluslararas\u0131 pazarlarda g\u00fc\u00e7l\u00fc bir varl\u0131k g\u00f6stermek, markam\u0131z\u0131n prestiji ve pazar tecr\u00fcbemizle art\u0131k \u00e7ok daha kolay!<\/p><p>B\u00f6ylece siz, \u00fcr\u00fcnlerinizin \u00fcretim s\u00fcreciyle ilgilenirken, biz onlar\u0131 ba\u015far\u0131yla pazara sunarak s\u00fcrd\u00fcr\u00fclebilir b\u00fcy\u00fcme sa\u011flaman\u0131z\u0131 destekliyoruz.<\/p>\t\t\t\t\t\t\t\t<\/div>\n\t\t\t\t<\/div>\n\t\t\t\t\t<\/div>\n\t\t<\/div>\n\t\t\t\t\t<\/div>\n\t\t<\/section>\n\t\t<div class=\"elementor-element elementor-element-424df6e e-flex e-con-boxed e-con e-parent\" data-id=\"424df6e\" data-element_type=\"container\" data-e-type=\"container\">\n\t\t\t\t\t<div class=\"e-con-inner\">\n\t\t\t\t<div class=\"elementor-element elementor-element-6733557 elementor-hidden-desktop elementor-widget elementor-widget-consua_service_cta\" data-id=\"6733557\" data-element_type=\"widget\" data-e-type=\"widget\" data-widget_type=\"consua_service_cta.default\">\n\t\t\t\t<div class=\"elementor-widget-container\">\n\t\t\t\t\t    <!-- Start Service CTA\r\n    ============================================= -->\r\n    <div class=\"single-widget bg-dark quick-contact-widget text-light\" style=\"background-image: url(https:\/\/validthemes.net\/themeforest\/wp\/consua\/wp-content\/uploads\/2023\/09\/15.png);\">\r\n        <div class=\"content\">\r\n            <h3>Yard\u0131ma m\u0131 ihtiyac\u0131n\u0131z var?<\/h3>\r\n            <p>\r\n              Size Nas\u0131l Yard\u0131mc\u0131 Olabiliriz. \u0130ster Form Doldur \u0130ster Ara . Her Zaman Bize Ula\u015fabilirisiniz\n\n            <\/p>\r\n            <h3>+90 216 706 18 39<\/h3>            <h2><a href=\"mailto:info@contactturkiye.com\">info@contactturkiye.com<\/a><\/h2>                        \t<a class=\"btn mt-30 circle btn-sm btn-gradient\" href=\"https:\/\/www.contactturkiye.com\/iletisim\/\">Bizimle \u0130leti\u015fime Ge\u00e7<\/a>\r\n        \t        <\/div>\r\n    <\/div>\r\n    <!-- End Service CTA -->\r\n\t\t\t\t\t<\/div>\n\t\t\t\t<\/div>\n\t\t\t\t\t<\/div>\n\t\t\t\t<\/div>\n\t\t\t\t<\/div>\n\t\t","protected":false},"excerpt":{"rendered":"<p>Size \u00d6zel Hizmetlerimiz \u00dcr\u00fcn\u00fcn\u00fcz\u00fc Bize Sat\u0131n Markam\u0131z \u0130\u00e7in \u00dcretin Distrib\u00fct\u00f6r\u00fcn\u00fcz Olal\u0131m Yurt D\u0131\u015f\u0131nda Yerel Ortak Bulal\u0131m Bilgilerinizi Veri Taban\u0131m\u0131za \u0130\u015fleyelim Yard\u0131ma m\u0131 ihtiyac\u0131n\u0131z var? Size Nas\u0131l Yard\u0131mc\u0131 Olabiliriz. \u0130ster Form Doldur \u0130ster Ara . Her Zaman Bize Ula\u015fabilirisiniz +90 216 706 18 39 info@contactturkiye.com Bizimle \u0130leti\u015fime Ge\u00e7 \u00dcr\u00fcnlerinizi markam\u0131z alt\u0131nda \u00fcrettirip pazara sunabiliriz. Geli\u015ftirdi\u011finiz kaliteli&#8230;<\/p>\n","protected":false},"author":1,"featured_media":0,"parent":0,"menu_order":0,"comment_status":"closed","ping_status":"closed","template":"elementor_header_footer","meta":{"footnotes":""},"class_list":["post-4549","page","type-page","status-publish","hentry"],"_links":{"self":[{"href":"https:\/\/www.contactturkiye.com\/en\/wp-json\/wp\/v2\/pages\/4549","targetHints":{"allow":["GET"]}}],"collection":[{"href":"https:\/\/www.contactturkiye.com\/en\/wp-json\/wp\/v2\/pages"}],"about":[{"href":"https:\/\/www.contactturkiye.com\/en\/wp-json\/wp\/v2\/types\/page"}],"author":[{"embeddable":true,"href":"https:\/\/www.contactturkiye.com\/en\/wp-json\/wp\/v2\/users\/1"}],"replies":[{"embeddable":true,"href":"https:\/\/www.contactturkiye.com\/en\/wp-json\/wp\/v2\/comments?post=4549"}],"version-history":[{"count":27,"href":"https:\/\/www.contactturkiye.com\/en\/wp-json\/wp\/v2\/pages\/4549\/revisions"}],"predecessor-version":[{"id":5667,"href":"https:\/\/www.contactturkiye.com\/en\/wp-json\/wp\/v2\/pages\/4549\/revisions\/5667"}],"wp:attachment":[{"href":"https:\/\/www.contactturkiye.com\/en\/wp-json\/wp\/v2\/media?parent=4549"}],"curies":[{"name":"wp","href":"https:\/\/api.w.org\/{rel}","templated":true}]}}