{"id":4547,"date":"2023-08-12T06:18:12","date_gmt":"2023-08-12T06:18:12","guid":{"rendered":"https:\/\/www.contactturkiye.com\/yerel-ortak-bulalim\/"},"modified":"2024-12-16T07:07:00","modified_gmt":"2024-12-16T07:07:00","slug":"yerel-ortak-bulalim","status":"publish","type":"page","link":"https:\/\/www.contactturkiye.com\/en\/yerel-ortak-bulalim\/","title":{"rendered":"Yerel Ortak Bulal\u0131m"},"content":{"rendered":"\t\t<div data-elementor-type=\"wp-page\" data-elementor-id=\"4547\" class=\"elementor elementor-4547 elementor-1070\">\n\t\t\t\t\t\t<section class=\"elementor-section elementor-top-section elementor-element elementor-element-1addfd50 services-details-area elementor-section-boxed elementor-section-height-default elementor-section-height-default\" data-id=\"1addfd50\" data-element_type=\"section\" data-e-type=\"section\">\n\t\t\t\t\t\t<div class=\"elementor-container elementor-column-gap-no\">\n\t\t\t\t\t<div class=\"elementor-column elementor-col-50 elementor-top-column elementor-element elementor-element-485ab9b5 services-sidebar\" data-id=\"485ab9b5\" data-element_type=\"column\" data-e-type=\"column\">\n\t\t\t<div class=\"elementor-widget-wrap elementor-element-populated\">\n\t\t\t\t\t\t<div class=\"elementor-element elementor-element-200642c0 elementor-widget elementor-widget-consua_service_navmenu\" data-id=\"200642c0\" data-element_type=\"widget\" data-e-type=\"widget\" data-widget_type=\"consua_service_navmenu.default\">\n\t\t\t\t<div class=\"elementor-widget-container\">\n\t\t\t\t\t\r\n    <!-- Start Service Navmenu \r\n    ============================================= -->\r\n    <div class=\"single-widget services-list-widget\">\r\n        <h4 class=\"widget-title\">Size \u00d6zel Hizmetlerimiz<\/h4>\r\n        <div class=\"content\">\r\n            \t\t            <div class=\"menu-service-sidebar-menu-container\"><ul id=\"menu-service-sidebar-menu\" class=\"menu\"><li id=\"menu-item-3055\" class=\"menu-item menu-item-type-post_type menu-item-object-page menu-item-3055\"><a href=\"https:\/\/www.contactturkiye.com\/urununuzu-satin-alalim\/\">Sell your product to us&#8230;..<\/a><\/li>\n<li id=\"menu-item-1933\" class=\"menu-item menu-item-type-post_type menu-item-object-page menu-item-1933\"><a href=\"https:\/\/www.contactturkiye.com\/urununuzu-kendi-markamizla-satalim\/\">\u00dcr\u00fcn\u00fcn\u00fcz\u00fc Kendi Markam\u0131zla Satal\u0131m<\/a><\/li>\n<li id=\"menu-item-1934\" class=\"menu-item menu-item-type-post_type menu-item-object-page menu-item-1934\"><a href=\"https:\/\/www.contactturkiye.com\/distributorunuz-olalim\/\">Distrib\u00fct\u00f6r\u00fcn\u00fcz Olal\u0131m<\/a><\/li>\n<li id=\"menu-item-1935\" class=\"menu-item menu-item-type-post_type menu-item-object-page menu-item-1935\"><a href=\"https:\/\/www.contactturkiye.com\/yerel-ortak-bulalim\/\">Yerel Ortak Bulal\u0131m<\/a><\/li>\n<li id=\"menu-item-1936\" class=\"menu-item menu-item-type-post_type menu-item-object-page menu-item-1936\"><a href=\"https:\/\/www.contactturkiye.com\/bilgilerinizi-veri-tabanimiza-ekleyelim\/\">Bilgilerinizi Veri Taban\u0131m\u0131za Ekleyelim<\/a><\/li>\n<\/ul><\/div>\t\t            <\/div>\r\n    <\/div>\r\n    <!-- End Service Navmenu \r\n    ============================================= -->\r\n\r\n    \t\t\t\t<\/div>\n\t\t\t\t<\/div>\n\t\t\t\t<div class=\"elementor-element elementor-element-7a0cc15 elementor-hidden-tablet elementor-hidden-mobile elementor-widget elementor-widget-consua_service_cta\" data-id=\"7a0cc15\" data-element_type=\"widget\" data-e-type=\"widget\" data-widget_type=\"consua_service_cta.default\">\n\t\t\t\t<div class=\"elementor-widget-container\">\n\t\t\t\t\t    <!-- Start Service CTA\r\n    ============================================= -->\r\n    <div class=\"single-widget bg-dark quick-contact-widget text-light\" style=\"background-image: url(https:\/\/validthemes.net\/themeforest\/wp\/consua\/wp-content\/uploads\/2023\/09\/15.png);\">\r\n        <div class=\"content\">\r\n            <h3>Yard\u0131ma m\u0131 ihtiyac\u0131n\u0131z var?<\/h3>\r\n            <p>\r\n              Size Nas\u0131l Yard\u0131mc\u0131 Olabiliriz. \u0130ster Form Doldur \u0130ster Ara . Her Zaman Bize Ula\u015fabilirisiniz\n\n            <\/p>\r\n            <h2>+90 216 706 18 39<\/h2>            <h2><a href=\"mailto:info@contactturkiye.com\">info@contactturkiye.com<\/a><\/h2>                        \t<a class=\"btn mt-30 circle btn-sm btn-gradient\" href=\"https:\/\/www.contactturkiye.com\/iletisim\/\">Bizimle \u0130leti\u015fime Ge\u00e7<\/a>\r\n        \t        <\/div>\r\n    <\/div>\r\n    <!-- End Service CTA -->\r\n\t\t\t\t\t<\/div>\n\t\t\t\t<\/div>\n\t\t\t\t\t<\/div>\n\t\t<\/div>\n\t\t\t\t<div class=\"elementor-column elementor-col-50 elementor-top-column elementor-element elementor-element-7e839462\" data-id=\"7e839462\" data-element_type=\"column\" data-e-type=\"column\">\n\t\t\t<div class=\"elementor-widget-wrap elementor-element-populated\">\n\t\t\t\t\t\t<div class=\"elementor-element elementor-element-705d99cc elementor-widget elementor-widget-image\" data-id=\"705d99cc\" data-element_type=\"widget\" data-e-type=\"widget\" data-widget_type=\"image.default\">\n\t\t\t\t<div class=\"elementor-widget-container\">\n\t\t\t\t\t\t\t\t\t\t\t\t\t\t\t<img fetchpriority=\"high\" decoding=\"async\" width=\"1500\" height=\"788\" src=\"https:\/\/www.contactturkiye.com\/wp-content\/uploads\/2024\/11\/23.png\" class=\"attachment-full size-full wp-image-5259\" alt=\"\" srcset=\"https:\/\/www.contactturkiye.com\/wp-content\/uploads\/2024\/11\/23.png 1500w, https:\/\/www.contactturkiye.com\/wp-content\/uploads\/2024\/11\/23-300x158.png 300w, https:\/\/www.contactturkiye.com\/wp-content\/uploads\/2024\/11\/23-1024x538.png 1024w, https:\/\/www.contactturkiye.com\/wp-content\/uploads\/2024\/11\/23-768x403.png 768w\" sizes=\"(max-width: 1500px) 100vw, 1500px\" \/>\t\t\t\t\t\t\t\t\t\t\t\t\t\t\t<\/div>\n\t\t\t\t<\/div>\n\t\t\t\t<div class=\"elementor-element elementor-element-76a8e0d elementor-widget elementor-widget-heading\" data-id=\"76a8e0d\" data-element_type=\"widget\" data-e-type=\"widget\" data-widget_type=\"heading.default\">\n\t\t\t\t<div class=\"elementor-widget-container\">\n\t\t\t\t\t<h3 class=\"elementor-heading-title elementor-size-default\">Hedef \u00fclkeler belirlendiyse ve yerel bir ortakla \u00e7al\u0131\u015fmak istiyorsan\u0131z, sizin i\u00e7in en uygun i\u015fbirli\u011fi f\u0131rsatlar\u0131n\u0131 ara\u015ft\u0131r\u0131p sunabiliriz.\n<\/h3>\t\t\t\t<\/div>\n\t\t\t\t<\/div>\n\t\t\t\t<div class=\"elementor-element elementor-element-55f5d3c5 elementor-widget elementor-widget-text-editor\" data-id=\"55f5d3c5\" data-element_type=\"widget\" data-e-type=\"widget\" data-widget_type=\"text-editor.default\">\n\t\t\t\t<div class=\"elementor-widget-container\">\n\t\t\t\t\t\t\t\t\t<p>Uluslararas\u0131 pazarlara a\u00e7\u0131lman\u0131n en etkili yollar\u0131ndan biri, yerel ortaklarla stratejik i\u015fbirlikleri kurmakt\u0131r. E\u011fer hedefledi\u011finiz \u00fclkeleri belirlediyseniz ve bu pazarlarda g\u00fcvenilir yerel partnerlerle \u00e7al\u0131\u015fmak istiyorsan\u0131z, size sundu\u011fumuz hizmetlerle i\u015finizi h\u0131zla b\u00fcy\u00fctebiliriz. Biz, sizin ad\u0131n\u0131za gerekli pazar ara\u015ft\u0131rmalar\u0131n\u0131 yaparak, en uygun i\u015f ortaklar\u0131n\u0131 bulur ve g\u00fc\u00e7l\u00fc, s\u00fcrd\u00fcr\u00fclebilir i\u015fbirlikleri kurman\u0131z\u0131 sa\u011flar\u0131z.<\/p><p>Her \u00fclkenin kendi pazar dinamikleri, i\u015f k\u00fclt\u00fcr\u00fc ve t\u00fcketici al\u0131\u015fkanl\u0131klar\u0131 vard\u0131r. Bu nedenle, yeni bir pazara girerken yerel bir orta\u011f\u0131n deneyiminden ve yerel bilgisine sahip olman\u0131n \u00f6nemi b\u00fcy\u00fckt\u00fcr. Biz, sizin \u00fcr\u00fcn veya hizmetinizin hangi i\u015f modelleriyle en etkili \u015fekilde pazara girece\u011fini belirlemek i\u00e7in kapsaml\u0131 bir analiz yapar\u0131z. Bu analiz sonucunda, hedefledi\u011finiz pazar\u0131n ihtiya\u00e7lar\u0131na ve stratejik hedeflerinize en uygun yerel i\u015f ortaklar\u0131n\u0131 tespit ederiz.<\/p><p>Yerel ortaklarla \u00e7al\u0131\u015fmak, sadece pazara giri\u015f h\u0131z\u0131n\u0131z\u0131 art\u0131rmakla kalmaz, ayn\u0131 zamanda yerel d\u00fczenlemelere uyum sa\u011flamak, lojistik s\u00fcre\u00e7leri optimize etmek ve marka g\u00fcvenilirli\u011finizi art\u0131rmak gibi \u00f6nemli avantajlar sa\u011flar. Biz, i\u015fbirli\u011fi s\u00fcrecinde t\u00fcm taraflar\u0131n ihtiya\u00e7lar\u0131n\u0131 kar\u015f\u0131layacak \u015fekilde m\u00fczakere s\u00fcre\u00e7lerini y\u00f6netir, i\u015fbirli\u011fi anla\u015fmalar\u0131n\u0131 profesyonelce haz\u0131rlayarak uzun vadeli, k\u00e2rl\u0131 bir i\u015fbirli\u011fi zemini olu\u015ftururuz.<\/p><p>Ayr\u0131ca, potansiyel i\u015f ortaklar\u0131n\u0131n finansal g\u00fcc\u00fcn\u00fc, pazar tecr\u00fcbesini ve sekt\u00f6r\u00fcndeki g\u00fcvenilirli\u011fini detayl\u0131ca de\u011ferlendiririz. Yerel i\u015fbirlikleri, sadece sat\u0131\u015f kanallar\u0131n\u0131z\u0131 geni\u015fletmekle kalmaz, ayn\u0131 zamanda yerel pazardaki rekabet avantaj\u0131n\u0131z\u0131 da g\u00fc\u00e7lendirir. Biz, do\u011fru ortakl\u0131klarla i\u015finizi en verimli \u015fekilde b\u00fcy\u00fctmenize destek olurken, yerel d\u00fczenlemeler, k\u00fclt\u00fcrel farklar ve operasyonel s\u00fcre\u00e7ler konusunda da sizi bilgilendiririz.<\/p><p>Amac\u0131m\u0131z, i\u015finizi hedefledi\u011finiz pazarlarda h\u0131zl\u0131, sa\u011flam ve s\u00fcrd\u00fcr\u00fclebilir bir \u015fekilde b\u00fcy\u00fctmektir. Yerel ortaklarla yap\u0131lan stratejik i\u015fbirlikleri, bu hedefe ula\u015fman\u0131zda \u00f6nemli bir ad\u0131md\u0131r. Sizin i\u00e7in en uygun i\u015fbirli\u011fi f\u0131rsatlar\u0131n\u0131 bulmak ve uluslararas\u0131 pazarlardaki ba\u015far\u0131n\u0131z\u0131 art\u0131rmak i\u00e7in buraday\u0131z!<\/p>\t\t\t\t\t\t\t\t<\/div>\n\t\t\t\t<\/div>\n\t\t\t\t\t<\/div>\n\t\t<\/div>\n\t\t\t\t\t<\/div>\n\t\t<\/section>\n\t\t<div class=\"elementor-element elementor-element-49a2c5f e-flex e-con-boxed e-con e-parent\" data-id=\"49a2c5f\" data-element_type=\"container\" data-e-type=\"container\">\n\t\t\t\t\t<div class=\"e-con-inner\">\n\t\t\t\t<div class=\"elementor-element elementor-element-10a176b elementor-hidden-desktop elementor-widget elementor-widget-consua_service_cta\" data-id=\"10a176b\" data-element_type=\"widget\" data-e-type=\"widget\" data-widget_type=\"consua_service_cta.default\">\n\t\t\t\t<div class=\"elementor-widget-container\">\n\t\t\t\t\t    <!-- Start Service CTA\r\n    ============================================= -->\r\n    <div class=\"single-widget bg-dark quick-contact-widget text-light\" style=\"background-image: url(https:\/\/validthemes.net\/themeforest\/wp\/consua\/wp-content\/uploads\/2023\/09\/15.png);\">\r\n        <div class=\"content\">\r\n            <h3>Yard\u0131ma m\u0131 ihtiyac\u0131n\u0131z var?<\/h3>\r\n            <p>\r\n              Size Nas\u0131l Yard\u0131mc\u0131 Olabiliriz. \u0130ster Form Doldur \u0130ster Ara . Her Zaman Bize Ula\u015fabilirisiniz\n\n            <\/p>\r\n            <h3>+90 216 706 18 39<\/h3>            <h2><a href=\"mailto:info@contactturkiye.com\">info@contactturkiye.com<\/a><\/h2>                        \t<a class=\"btn mt-30 circle btn-sm btn-gradient\" href=\"https:\/\/www.contactturkiye.com\/iletisim\/\">Bizimle \u0130leti\u015fime Ge\u00e7<\/a>\r\n        \t        <\/div>\r\n    <\/div>\r\n    <!-- End Service CTA -->\r\n\t\t\t\t\t<\/div>\n\t\t\t\t<\/div>\n\t\t\t\t\t<\/div>\n\t\t\t\t<\/div>\n\t\t\t\t<\/div>\n\t\t","protected":false},"excerpt":{"rendered":"<p>Size \u00d6zel Hizmetlerimiz \u00dcr\u00fcn\u00fcn\u00fcz\u00fc Bize Sat\u0131n Markam\u0131z \u0130\u00e7in \u00dcretin Distrib\u00fct\u00f6r\u00fcn\u00fcz Olal\u0131m Yurt D\u0131\u015f\u0131nda Yerel Ortak Bulal\u0131m Bilgilerinizi Veri Taban\u0131m\u0131za \u0130\u015fleyelim Yard\u0131ma m\u0131 ihtiyac\u0131n\u0131z var? Size Nas\u0131l Yard\u0131mc\u0131 Olabiliriz. \u0130ster Form Doldur \u0130ster Ara . Her Zaman Bize Ula\u015fabilirisiniz +90 216 706 18 39 info@contactturkiye.com Bizimle \u0130leti\u015fime Ge\u00e7 Hedef \u00fclkeler belirlendiyse ve yerel bir ortakla \u00e7al\u0131\u015fmak&#8230;<\/p>\n","protected":false},"author":1,"featured_media":0,"parent":0,"menu_order":0,"comment_status":"closed","ping_status":"closed","template":"elementor_header_footer","meta":{"footnotes":""},"class_list":["post-4547","page","type-page","status-publish","hentry"],"_links":{"self":[{"href":"https:\/\/www.contactturkiye.com\/en\/wp-json\/wp\/v2\/pages\/4547","targetHints":{"allow":["GET"]}}],"collection":[{"href":"https:\/\/www.contactturkiye.com\/en\/wp-json\/wp\/v2\/pages"}],"about":[{"href":"https:\/\/www.contactturkiye.com\/en\/wp-json\/wp\/v2\/types\/page"}],"author":[{"embeddable":true,"href":"https:\/\/www.contactturkiye.com\/en\/wp-json\/wp\/v2\/users\/1"}],"replies":[{"embeddable":true,"href":"https:\/\/www.contactturkiye.com\/en\/wp-json\/wp\/v2\/comments?post=4547"}],"version-history":[{"count":24,"href":"https:\/\/www.contactturkiye.com\/en\/wp-json\/wp\/v2\/pages\/4547\/revisions"}],"predecessor-version":[{"id":5679,"href":"https:\/\/www.contactturkiye.com\/en\/wp-json\/wp\/v2\/pages\/4547\/revisions\/5679"}],"wp:attachment":[{"href":"https:\/\/www.contactturkiye.com\/en\/wp-json\/wp\/v2\/media?parent=4547"}],"curies":[{"name":"wp","href":"https:\/\/api.w.org\/{rel}","templated":true}]}}