{"id":4536,"date":"2024-10-25T13:31:32","date_gmt":"2024-10-25T13:31:32","guid":{"rendered":"https:\/\/www.contactturkiye.com\/yatirim-bulma\/"},"modified":"2024-12-18T13:32:22","modified_gmt":"2024-12-18T13:32:22","slug":"yatirim-bulma","status":"publish","type":"page","link":"https:\/\/www.contactturkiye.com\/en\/yatirim-bulma\/","title":{"rendered":"Yat\u0131r\u0131m Bulma"},"content":{"rendered":"\t\t<div data-elementor-type=\"wp-page\" data-elementor-id=\"4536\" class=\"elementor elementor-4536 elementor-3519\">\n\t\t\t\t\t\t<section class=\"elementor-section elementor-top-section elementor-element elementor-element-618c5c9 services-details-area elementor-section-boxed elementor-section-height-default elementor-section-height-default\" data-id=\"618c5c9\" data-element_type=\"section\" data-e-type=\"section\">\n\t\t\t\t\t\t<div class=\"elementor-container elementor-column-gap-no\">\n\t\t\t\t\t<div class=\"elementor-column elementor-col-50 elementor-top-column elementor-element elementor-element-db5c528 services-sidebar\" data-id=\"db5c528\" data-element_type=\"column\" data-e-type=\"column\">\n\t\t\t<div class=\"elementor-widget-wrap elementor-element-populated\">\n\t\t\t\t\t\t<div class=\"elementor-element elementor-element-d0e8ad5 elementor-widget elementor-widget-consua_service_navmenu\" data-id=\"d0e8ad5\" data-element_type=\"widget\" data-e-type=\"widget\" data-widget_type=\"consua_service_navmenu.default\">\n\t\t\t\t<div class=\"elementor-widget-container\">\n\t\t\t\t\t\r\n    <!-- Start Service Navmenu \r\n    ============================================= -->\r\n    <div class=\"single-widget services-list-widget\">\r\n        <h4 class=\"widget-title\">Star-Up \u00c7\u00f6z\u00fcm Paketimiz<\/h4>\r\n        <div class=\"content\">\r\n            \t\t            <div class=\"menu-start-up-container\"><ul id=\"menu-start-up\" class=\"menu\"><li id=\"menu-item-4612\" class=\"menu-item menu-item-type-post_type menu-item-object-page menu-item-4612\"><a href=\"https:\/\/www.contactturkiye.com\/en\/yatirim-bulma\/\">Securing Investments<\/a><\/li>\n<li id=\"menu-item-4611\" class=\"menu-item menu-item-type-post_type menu-item-object-page menu-item-4611\"><a href=\"https:\/\/www.contactturkiye.com\/en\/on-siparis-alma\/\">Obtaining Pre-Orders<\/a><\/li>\n<li id=\"menu-item-4610\" class=\"menu-item menu-item-type-post_type menu-item-object-page menu-item-4610\"><a href=\"https:\/\/www.contactturkiye.com\/en\/girisiminizi-satma\/\">Complete Sale Solutions for Your Start-Up<\/a><\/li>\n<\/ul><\/div>\t\t            <\/div>\r\n    <\/div>\r\n    <!-- End Service Navmenu \r\n    ============================================= -->\r\n\r\n    \t\t\t\t<\/div>\n\t\t\t\t<\/div>\n\t\t\t\t<div class=\"elementor-element elementor-element-311a598 elementor-hidden-tablet elementor-hidden-mobile elementor-widget elementor-widget-consua_service_cta\" data-id=\"311a598\" data-element_type=\"widget\" data-e-type=\"widget\" data-widget_type=\"consua_service_cta.default\">\n\t\t\t\t<div class=\"elementor-widget-container\">\n\t\t\t\t\t    <!-- Start Service CTA\r\n    ============================================= -->\r\n    <div class=\"single-widget bg-dark quick-contact-widget text-light\" style=\"background-image: url(https:\/\/validthemes.net\/themeforest\/wp\/consua\/wp-content\/uploads\/2023\/09\/15.png);\">\r\n        <div class=\"content\">\r\n            <h3>Yard\u0131ma m\u0131 ihtiyac\u0131n\u0131z var?<\/h3>\r\n            <p>\r\n              Size Nas\u0131l Yard\u0131mc\u0131 Olabiliriz. \u0130ster Form Doldur \u0130ster Ara . Her Zaman Bize Ula\u015fabilirisiniz\n\n            <\/p>\r\n            <h3>+90 216 706 18 39<\/h3>            <h2><a href=\"mailto:info@contactturkiye.com\">info@contactturkiye.com<\/a><\/h2>                        \t<a class=\"btn mt-30 circle btn-sm btn-gradient\" href=\"https:\/\/www.contactturkiye.com\/iletisim\/\">Bizimle \u0130leti\u015fime Ge\u00e7<\/a>\r\n        \t        <\/div>\r\n    <\/div>\r\n    <!-- End Service CTA -->\r\n\t\t\t\t\t<\/div>\n\t\t\t\t<\/div>\n\t\t\t\t\t<\/div>\n\t\t<\/div>\n\t\t\t\t<div class=\"elementor-column elementor-col-50 elementor-top-column elementor-element elementor-element-b3962e2\" data-id=\"b3962e2\" data-element_type=\"column\" data-e-type=\"column\">\n\t\t\t<div class=\"elementor-widget-wrap elementor-element-populated\">\n\t\t\t\t\t\t<div class=\"elementor-element elementor-element-e220d78 elementor-widget elementor-widget-image\" data-id=\"e220d78\" data-element_type=\"widget\" data-e-type=\"widget\" data-widget_type=\"image.default\">\n\t\t\t\t<div class=\"elementor-widget-container\">\n\t\t\t\t\t\t\t\t\t\t\t\t\t\t\t<img fetchpriority=\"high\" decoding=\"async\" width=\"1500\" height=\"788\" src=\"https:\/\/www.contactturkiye.com\/wp-content\/uploads\/2024\/11\/19.png\" class=\"attachment-full size-full wp-image-5095\" alt=\"\" srcset=\"https:\/\/www.contactturkiye.com\/wp-content\/uploads\/2024\/11\/19.png 1500w, https:\/\/www.contactturkiye.com\/wp-content\/uploads\/2024\/11\/19-300x158.png 300w, https:\/\/www.contactturkiye.com\/wp-content\/uploads\/2024\/11\/19-1024x538.png 1024w, https:\/\/www.contactturkiye.com\/wp-content\/uploads\/2024\/11\/19-768x403.png 768w\" sizes=\"(max-width: 1500px) 100vw, 1500px\" \/>\t\t\t\t\t\t\t\t\t\t\t\t\t\t\t<\/div>\n\t\t\t\t<\/div>\n\t\t\t\t<div class=\"elementor-element elementor-element-959c494 elementor-widget elementor-widget-text-editor\" data-id=\"959c494\" data-element_type=\"widget\" data-e-type=\"widget\" data-widget_type=\"text-editor.default\">\n\t\t\t\t<div class=\"elementor-widget-container\">\n\t\t\t\t\t\t\t\t\t<p>Giri\u015fiminizi bir sonraki a\u015famaya ta\u015f\u0131mak i\u00e7in gerekli finansman deste\u011fini sa\u011fl\u0131yoruz. Deneyimli ekibimiz, global yat\u0131r\u0131mc\u0131 a\u011f\u0131yla sizi bir araya getirerek, giri\u015fiminize uygun yat\u0131r\u0131m f\u0131rsatlar\u0131n\u0131 sunar. \u0130ster melek yat\u0131r\u0131mc\u0131, ister risk sermayesi aray\u0131\u015f\u0131nda olun, size en do\u011fru kaynaklarla bulu\u015fturuyoruz. Yat\u0131r\u0131m s\u00fcre\u00e7lerinde i\u015f plan\u0131 haz\u0131rlama, sunum geli\u015ftirme ve yat\u0131r\u0131mc\u0131larla ileti\u015fim kurma konular\u0131nda profesyonel dan\u0131\u015fmanl\u0131k sa\u011fl\u0131yoruz.<\/p>\t\t\t\t\t\t\t\t<\/div>\n\t\t\t\t<\/div>\n\t\t\t\t\t<\/div>\n\t\t<\/div>\n\t\t\t\t\t<\/div>\n\t\t<\/section>\n\t\t<div class=\"elementor-element elementor-element-e627b4c e-flex e-con-boxed e-con e-parent\" data-id=\"e627b4c\" data-element_type=\"container\" data-e-type=\"container\">\n\t\t\t\t\t<div class=\"e-con-inner\">\n\t\t\t\t<div class=\"elementor-element elementor-element-ab97f50 elementor-hidden-tablet elementor-hidden-desktop elementor-widget elementor-widget-consua_service_cta\" data-id=\"ab97f50\" data-element_type=\"widget\" data-e-type=\"widget\" data-widget_type=\"consua_service_cta.default\">\n\t\t\t\t<div class=\"elementor-widget-container\">\n\t\t\t\t\t    <!-- Start Service CTA\r\n    ============================================= -->\r\n    <div class=\"single-widget bg-dark quick-contact-widget text-light\" style=\"background-image: url(https:\/\/validthemes.net\/themeforest\/wp\/consua\/wp-content\/uploads\/2023\/09\/15.png);\">\r\n        <div class=\"content\">\r\n            <h3>Yard\u0131ma m\u0131 ihtiyac\u0131n\u0131z var?<\/h3>\r\n            <p>\r\n              Size Nas\u0131l Yard\u0131mc\u0131 Olabiliriz. \u0130ster Form Doldur \u0130ster Ara . Her Zaman Bize Ula\u015fabilirisiniz\n\n            <\/p>\r\n            <h3>+90 216 706 18 39<\/h3>            <h2><a href=\"mailto:info@contactturkiye.com\">info@contactturkiye.com<\/a><\/h2>                        \t<a class=\"btn mt-30 circle btn-sm btn-gradient\" href=\"https:\/\/www.contactturkiye.com\/iletisim\/\">Bizimle \u0130leti\u015fime Ge\u00e7<\/a>\r\n        \t        <\/div>\r\n    <\/div>\r\n    <!-- End Service CTA -->\r\n\t\t\t\t\t<\/div>\n\t\t\t\t<\/div>\n\t\t\t\t\t<\/div>\n\t\t\t\t<\/div>\n\t\t\t\t<\/div>\n\t\t","protected":false},"excerpt":{"rendered":"<p>Star-Up \u00c7\u00f6z\u00fcm Paketimiz Yat\u0131r\u0131m Bulma \u00d6n Sipari\u015f Alma Giri\u015fiminizi Satma Yard\u0131ma m\u0131 ihtiyac\u0131n\u0131z var? Size Nas\u0131l Yard\u0131mc\u0131 Olabiliriz. \u0130ster Form Doldur \u0130ster Ara . Her Zaman Bize Ula\u015fabilirisiniz +90 216 706 18 39 info@contactturkiye.com Bizimle \u0130leti\u015fime Ge\u00e7 Giri\u015fiminizi bir sonraki a\u015famaya ta\u015f\u0131mak i\u00e7in gerekli finansman deste\u011fini sa\u011fl\u0131yoruz. Deneyimli ekibimiz, global yat\u0131r\u0131mc\u0131 a\u011f\u0131yla sizi bir araya&#8230;<\/p>\n","protected":false},"author":1,"featured_media":0,"parent":0,"menu_order":0,"comment_status":"closed","ping_status":"closed","template":"","meta":{"footnotes":""},"class_list":["post-4536","page","type-page","status-publish","hentry"],"_links":{"self":[{"href":"https:\/\/www.contactturkiye.com\/en\/wp-json\/wp\/v2\/pages\/4536","targetHints":{"allow":["GET"]}}],"collection":[{"href":"https:\/\/www.contactturkiye.com\/en\/wp-json\/wp\/v2\/pages"}],"about":[{"href":"https:\/\/www.contactturkiye.com\/en\/wp-json\/wp\/v2\/types\/page"}],"author":[{"embeddable":true,"href":"https:\/\/www.contactturkiye.com\/en\/wp-json\/wp\/v2\/users\/1"}],"replies":[{"embeddable":true,"href":"https:\/\/www.contactturkiye.com\/en\/wp-json\/wp\/v2\/comments?post=4536"}],"version-history":[{"count":57,"href":"https:\/\/www.contactturkiye.com\/en\/wp-json\/wp\/v2\/pages\/4536\/revisions"}],"predecessor-version":[{"id":5726,"href":"https:\/\/www.contactturkiye.com\/en\/wp-json\/wp\/v2\/pages\/4536\/revisions\/5726"}],"wp:attachment":[{"href":"https:\/\/www.contactturkiye.com\/en\/wp-json\/wp\/v2\/media?parent=4536"}],"curies":[{"name":"wp","href":"https:\/\/api.w.org\/{rel}","templated":true}]}}