{"id":4535,"date":"2024-10-25T13:31:41","date_gmt":"2024-10-25T13:31:41","guid":{"rendered":"https:\/\/www.contactturkiye.com\/on-siparis-alma\/"},"modified":"2024-12-18T13:32:41","modified_gmt":"2024-12-18T13:32:41","slug":"on-siparis-alma","status":"publish","type":"page","link":"https:\/\/www.contactturkiye.com\/en\/on-siparis-alma\/","title":{"rendered":"\u00d6n Sipari\u015f Alma"},"content":{"rendered":"\t\t<div data-elementor-type=\"wp-page\" data-elementor-id=\"4535\" class=\"elementor elementor-4535 elementor-3522\">\n\t\t\t\t\t\t<section class=\"elementor-section elementor-top-section elementor-element elementor-element-246fc2d services-details-area elementor-section-boxed elementor-section-height-default elementor-section-height-default\" data-id=\"246fc2d\" data-element_type=\"section\" data-e-type=\"section\">\n\t\t\t\t\t\t<div class=\"elementor-container elementor-column-gap-no\">\n\t\t\t\t\t<div class=\"elementor-column elementor-col-50 elementor-top-column elementor-element elementor-element-fef44cf services-sidebar\" data-id=\"fef44cf\" data-element_type=\"column\" data-e-type=\"column\">\n\t\t\t<div class=\"elementor-widget-wrap elementor-element-populated\">\n\t\t\t\t\t\t<div class=\"elementor-element elementor-element-f145183 elementor-widget elementor-widget-consua_service_navmenu\" data-id=\"f145183\" data-element_type=\"widget\" data-e-type=\"widget\" data-widget_type=\"consua_service_navmenu.default\">\n\t\t\t\t<div class=\"elementor-widget-container\">\n\t\t\t\t\t\r\n    <!-- Start Service Navmenu \r\n    ============================================= -->\r\n    <div class=\"single-widget services-list-widget\">\r\n        <h4 class=\"widget-title\">Start-Up \u00c7\u00f6z\u00fcm Paketimiz<\/h4>\r\n        <div class=\"content\">\r\n            \t\t            <div class=\"menu-start-up-container\"><ul id=\"menu-start-up\" class=\"menu\"><li id=\"menu-item-4612\" class=\"menu-item menu-item-type-post_type menu-item-object-page menu-item-4612\"><a href=\"https:\/\/www.contactturkiye.com\/en\/yatirim-bulma\/\">Securing Investments<\/a><\/li>\n<li id=\"menu-item-4611\" class=\"menu-item menu-item-type-post_type menu-item-object-page menu-item-4611\"><a href=\"https:\/\/www.contactturkiye.com\/en\/on-siparis-alma\/\">Obtaining Pre-Orders<\/a><\/li>\n<li id=\"menu-item-4610\" class=\"menu-item menu-item-type-post_type menu-item-object-page menu-item-4610\"><a href=\"https:\/\/www.contactturkiye.com\/en\/girisiminizi-satma\/\">Complete Sale Solutions for Your Start-Up<\/a><\/li>\n<\/ul><\/div>\t\t            <\/div>\r\n    <\/div>\r\n    <!-- End Service Navmenu \r\n    ============================================= -->\r\n\r\n    \t\t\t\t<\/div>\n\t\t\t\t<\/div>\n\t\t\t\t<div class=\"elementor-element elementor-element-d59cb5a elementor-hidden-tablet elementor-hidden-mobile elementor-widget elementor-widget-consua_service_cta\" data-id=\"d59cb5a\" data-element_type=\"widget\" data-e-type=\"widget\" data-widget_type=\"consua_service_cta.default\">\n\t\t\t\t<div class=\"elementor-widget-container\">\n\t\t\t\t\t    <!-- Start Service CTA\r\n    ============================================= -->\r\n    <div class=\"single-widget bg-dark quick-contact-widget text-light\" style=\"background-image: url(https:\/\/validthemes.net\/themeforest\/wp\/consua\/wp-content\/uploads\/2023\/09\/15.png);\">\r\n        <div class=\"content\">\r\n            <h3>Yard\u0131ma m\u0131 ihtiyac\u0131n\u0131z var?<\/h3>\r\n            <p>\r\n              Size Nas\u0131l Yard\u0131mc\u0131 Olabiliriz. \u0130ster Form Doldur \u0130ster Ara . Her Zaman Bize Ula\u015fabilirisiniz\n\n            <\/p>\r\n            <h3>+90 216 706 18 39<\/h3>            <h2><a href=\"mailto:info@contactturkiye.com\">info@contactturkiye.com<\/a><\/h2>                        \t<a class=\"btn mt-30 circle btn-sm btn-gradient\" href=\"https:\/\/www.contactturkiye.com\/iletisim\/\">Bizimle \u0130leti\u015fime Ge\u00e7<\/a>\r\n        \t        <\/div>\r\n    <\/div>\r\n    <!-- End Service CTA -->\r\n\t\t\t\t\t<\/div>\n\t\t\t\t<\/div>\n\t\t\t\t\t<\/div>\n\t\t<\/div>\n\t\t\t\t<div class=\"elementor-column elementor-col-50 elementor-top-column elementor-element elementor-element-5b9d307\" data-id=\"5b9d307\" data-element_type=\"column\" data-e-type=\"column\">\n\t\t\t<div class=\"elementor-widget-wrap elementor-element-populated\">\n\t\t\t\t\t\t<div class=\"elementor-element elementor-element-15cab29 elementor-widget elementor-widget-image\" data-id=\"15cab29\" data-element_type=\"widget\" data-e-type=\"widget\" data-widget_type=\"image.default\">\n\t\t\t\t<div class=\"elementor-widget-container\">\n\t\t\t\t\t\t\t\t\t\t\t\t\t\t\t<img fetchpriority=\"high\" decoding=\"async\" width=\"1500\" height=\"788\" src=\"https:\/\/www.contactturkiye.com\/wp-content\/uploads\/2024\/11\/18.png\" class=\"attachment-full size-full wp-image-5093\" alt=\"\" srcset=\"https:\/\/www.contactturkiye.com\/wp-content\/uploads\/2024\/11\/18.png 1500w, https:\/\/www.contactturkiye.com\/wp-content\/uploads\/2024\/11\/18-300x158.png 300w, https:\/\/www.contactturkiye.com\/wp-content\/uploads\/2024\/11\/18-1024x538.png 1024w, https:\/\/www.contactturkiye.com\/wp-content\/uploads\/2024\/11\/18-768x403.png 768w\" sizes=\"(max-width: 1500px) 100vw, 1500px\" \/>\t\t\t\t\t\t\t\t\t\t\t\t\t\t\t<\/div>\n\t\t\t\t<\/div>\n\t\t\t\t<div class=\"elementor-element elementor-element-d596cba elementor-widget elementor-widget-text-editor\" data-id=\"d596cba\" data-element_type=\"widget\" data-e-type=\"widget\" data-widget_type=\"text-editor.default\">\n\t\t\t\t<div class=\"elementor-widget-container\">\n\t\t\t\t\t\t\t\t\t<p>Giri\u015fiminizin ba\u015far\u0131l\u0131 olmas\u0131 i\u00e7in pazara girerken m\u00fc\u015fteri taban\u0131 olu\u015fturmak \u00e7ok \u00f6nemlidir. \u00dcr\u00fcn veya hizmetiniz i\u00e7in \u00f6n sipari\u015f alman\u0131z\u0131 sa\u011flayarak, hem sermaye olu\u015fturman\u0131za hem de \u00fcr\u00fcn\u00fcn\u00fcz\u00fcn pazar talebini test etmenize yard\u0131mc\u0131 oluyoruz. Pazarlama stratejileri, lansman planlar\u0131 ve hedef kitlenizi etkili \u015fekilde belirleyerek, do\u011fru platformlarda \u00fcr\u00fcn\u00fcn\u00fcz\u00fcn tan\u0131t\u0131m\u0131n\u0131 yap\u0131yoruz.<\/p>\t\t\t\t\t\t\t\t<\/div>\n\t\t\t\t<\/div>\n\t\t\t\t\t<\/div>\n\t\t<\/div>\n\t\t\t\t\t<\/div>\n\t\t<\/section>\n\t\t<div class=\"elementor-element elementor-element-044ac31 e-flex e-con-boxed e-con e-parent\" data-id=\"044ac31\" data-element_type=\"container\" data-e-type=\"container\">\n\t\t\t\t\t<div class=\"e-con-inner\">\n\t\t\t\t<div class=\"elementor-element elementor-element-d3858f4 elementor-hidden-tablet elementor-hidden-desktop elementor-widget elementor-widget-consua_service_cta\" data-id=\"d3858f4\" data-element_type=\"widget\" data-e-type=\"widget\" data-widget_type=\"consua_service_cta.default\">\n\t\t\t\t<div class=\"elementor-widget-container\">\n\t\t\t\t\t    <!-- Start Service CTA\r\n    ============================================= -->\r\n    <div class=\"single-widget bg-dark quick-contact-widget text-light\" style=\"background-image: url(https:\/\/validthemes.net\/themeforest\/wp\/consua\/wp-content\/uploads\/2023\/09\/15.png);\">\r\n        <div class=\"content\">\r\n            <h3>Yard\u0131ma m\u0131 ihtiyac\u0131n\u0131z var?<\/h3>\r\n            <p>\r\n              Size Nas\u0131l Yard\u0131mc\u0131 Olabiliriz. \u0130ster Form Doldur \u0130ster Ara . Her Zaman Bize Ula\u015fabilirisiniz\n\n            <\/p>\r\n            <h3>+90 216 706 18 39<\/h3>            <h2><a href=\"mailto:info@contactturkiye.com\">info@contactturkiye.com<\/a><\/h2>                        \t<a class=\"btn mt-30 circle btn-sm btn-gradient\" href=\"https:\/\/www.contactturkiye.com\/iletisim\/\">Bizimle \u0130leti\u015fime Ge\u00e7<\/a>\r\n        \t        <\/div>\r\n    <\/div>\r\n    <!-- End Service CTA -->\r\n\t\t\t\t\t<\/div>\n\t\t\t\t<\/div>\n\t\t\t\t\t<\/div>\n\t\t\t\t<\/div>\n\t\t\t\t<\/div>\n\t\t","protected":false},"excerpt":{"rendered":"<p>Start-Up \u00c7\u00f6z\u00fcm Paketimiz Yat\u0131r\u0131m Bulma \u00d6n Sipari\u015f Alma Giri\u015fiminizi Satma Yard\u0131ma m\u0131 ihtiyac\u0131n\u0131z var? Size Nas\u0131l Yard\u0131mc\u0131 Olabiliriz. \u0130ster Form Doldur \u0130ster Ara . Her Zaman Bize Ula\u015fabilirisiniz +90 216 706 18 39 info@contactturkiye.com Bizimle \u0130leti\u015fime Ge\u00e7 Giri\u015fiminizin ba\u015far\u0131l\u0131 olmas\u0131 i\u00e7in pazara girerken m\u00fc\u015fteri taban\u0131 olu\u015fturmak \u00e7ok \u00f6nemlidir. \u00dcr\u00fcn veya hizmetiniz i\u00e7in \u00f6n sipari\u015f alman\u0131z\u0131&#8230;<\/p>\n","protected":false},"author":1,"featured_media":0,"parent":0,"menu_order":0,"comment_status":"closed","ping_status":"closed","template":"","meta":{"footnotes":""},"class_list":["post-4535","page","type-page","status-publish","hentry"],"_links":{"self":[{"href":"https:\/\/www.contactturkiye.com\/en\/wp-json\/wp\/v2\/pages\/4535","targetHints":{"allow":["GET"]}}],"collection":[{"href":"https:\/\/www.contactturkiye.com\/en\/wp-json\/wp\/v2\/pages"}],"about":[{"href":"https:\/\/www.contactturkiye.com\/en\/wp-json\/wp\/v2\/types\/page"}],"author":[{"embeddable":true,"href":"https:\/\/www.contactturkiye.com\/en\/wp-json\/wp\/v2\/users\/1"}],"replies":[{"embeddable":true,"href":"https:\/\/www.contactturkiye.com\/en\/wp-json\/wp\/v2\/comments?post=4535"}],"version-history":[{"count":32,"href":"https:\/\/www.contactturkiye.com\/en\/wp-json\/wp\/v2\/pages\/4535\/revisions"}],"predecessor-version":[{"id":5732,"href":"https:\/\/www.contactturkiye.com\/en\/wp-json\/wp\/v2\/pages\/4535\/revisions\/5732"}],"wp:attachment":[{"href":"https:\/\/www.contactturkiye.com\/en\/wp-json\/wp\/v2\/media?parent=4535"}],"curies":[{"name":"wp","href":"https:\/\/api.w.org\/{rel}","templated":true}]}}