{"id":4534,"date":"2024-10-25T13:31:55","date_gmt":"2024-10-25T13:31:55","guid":{"rendered":"https:\/\/www.contactturkiye.com\/girisiminizi-satma\/"},"modified":"2024-12-18T13:33:12","modified_gmt":"2024-12-18T13:33:12","slug":"girisiminizi-satma","status":"publish","type":"page","link":"https:\/\/www.contactturkiye.com\/en\/girisiminizi-satma\/","title":{"rendered":"Giri\u015fiminizi Satma"},"content":{"rendered":"\t\t<div data-elementor-type=\"wp-page\" data-elementor-id=\"4534\" class=\"elementor elementor-4534 elementor-3525\">\n\t\t\t\t\t\t<section class=\"elementor-section elementor-top-section elementor-element elementor-element-22adabf services-details-area elementor-section-boxed elementor-section-height-default elementor-section-height-default\" data-id=\"22adabf\" data-element_type=\"section\" data-e-type=\"section\">\n\t\t\t\t\t\t<div class=\"elementor-container elementor-column-gap-no\">\n\t\t\t\t\t<div class=\"elementor-column elementor-col-50 elementor-top-column elementor-element elementor-element-8b140d4 services-sidebar\" data-id=\"8b140d4\" data-element_type=\"column\" data-e-type=\"column\">\n\t\t\t<div class=\"elementor-widget-wrap elementor-element-populated\">\n\t\t\t\t\t\t<div class=\"elementor-element elementor-element-5033d89 elementor-widget elementor-widget-consua_service_navmenu\" data-id=\"5033d89\" data-element_type=\"widget\" data-e-type=\"widget\" data-widget_type=\"consua_service_navmenu.default\">\n\t\t\t\t<div class=\"elementor-widget-container\">\n\t\t\t\t\t\r\n    <!-- Start Service Navmenu \r\n    ============================================= -->\r\n    <div class=\"single-widget services-list-widget\">\r\n        <h4 class=\"widget-title\">Start-Up \u00c7\u00f6z\u00fcm Paketimiz<\/h4>\r\n        <div class=\"content\">\r\n            \t\t            <div class=\"menu-start-up-container\"><ul id=\"menu-start-up\" class=\"menu\"><li id=\"menu-item-4612\" class=\"menu-item menu-item-type-post_type menu-item-object-page menu-item-4612\"><a href=\"https:\/\/www.contactturkiye.com\/en\/yatirim-bulma\/\">Securing Investments<\/a><\/li>\n<li id=\"menu-item-4611\" class=\"menu-item menu-item-type-post_type menu-item-object-page menu-item-4611\"><a href=\"https:\/\/www.contactturkiye.com\/en\/on-siparis-alma\/\">Obtaining Pre-Orders<\/a><\/li>\n<li id=\"menu-item-4610\" class=\"menu-item menu-item-type-post_type menu-item-object-page menu-item-4610\"><a href=\"https:\/\/www.contactturkiye.com\/en\/girisiminizi-satma\/\">Complete Sale Solutions for Your Start-Up<\/a><\/li>\n<\/ul><\/div>\t\t            <\/div>\r\n    <\/div>\r\n    <!-- End Service Navmenu \r\n    ============================================= -->\r\n\r\n    \t\t\t\t<\/div>\n\t\t\t\t<\/div>\n\t\t\t\t<div class=\"elementor-element elementor-element-79976d3 elementor-hidden-mobile elementor-widget elementor-widget-consua_service_cta\" data-id=\"79976d3\" data-element_type=\"widget\" data-e-type=\"widget\" data-widget_type=\"consua_service_cta.default\">\n\t\t\t\t<div class=\"elementor-widget-container\">\n\t\t\t\t\t    <!-- Start Service CTA\r\n    ============================================= -->\r\n    <div class=\"single-widget bg-dark quick-contact-widget text-light\" style=\"background-image: url(https:\/\/validthemes.net\/themeforest\/wp\/consua\/wp-content\/uploads\/2023\/09\/15.png);\">\r\n        <div class=\"content\">\r\n            <h3>Yard\u0131ma m\u0131 ihtiyac\u0131n\u0131z var?<\/h3>\r\n            <p>\r\n              Size Nas\u0131l Yard\u0131mc\u0131 Olabiliriz. \u0130ster Form Doldur \u0130ster Ara . Her Zaman Bize Ula\u015fabilirisiniz\n\n            <\/p>\r\n            <h3>+90 216 706 18 39<\/h3>            <h2><a href=\"mailto:info@contactturkiye.com\">info@contactturkiye.com<\/a><\/h2>                        \t<a class=\"btn mt-30 circle btn-sm btn-gradient\" href=\"https:\/\/www.contactturkiye.com\/iletisim\/\">Bizimle \u0130leti\u015fime Ge\u00e7<\/a>\r\n        \t        <\/div>\r\n    <\/div>\r\n    <!-- End Service CTA -->\r\n\t\t\t\t\t<\/div>\n\t\t\t\t<\/div>\n\t\t\t\t\t<\/div>\n\t\t<\/div>\n\t\t\t\t<div class=\"elementor-column elementor-col-50 elementor-top-column elementor-element elementor-element-d244519\" data-id=\"d244519\" data-element_type=\"column\" data-e-type=\"column\">\n\t\t\t<div class=\"elementor-widget-wrap elementor-element-populated\">\n\t\t\t\t\t\t<div class=\"elementor-element elementor-element-0bd7d52 elementor-widget elementor-widget-image\" data-id=\"0bd7d52\" data-element_type=\"widget\" data-e-type=\"widget\" data-widget_type=\"image.default\">\n\t\t\t\t<div class=\"elementor-widget-container\">\n\t\t\t\t\t\t\t\t\t\t\t\t\t\t\t<img fetchpriority=\"high\" decoding=\"async\" width=\"1500\" height=\"788\" src=\"https:\/\/www.contactturkiye.com\/wp-content\/uploads\/2024\/11\/13.png\" class=\"attachment-full size-full wp-image-4968\" alt=\"\" srcset=\"https:\/\/www.contactturkiye.com\/wp-content\/uploads\/2024\/11\/13.png 1500w, https:\/\/www.contactturkiye.com\/wp-content\/uploads\/2024\/11\/13-300x158.png 300w, https:\/\/www.contactturkiye.com\/wp-content\/uploads\/2024\/11\/13-1024x538.png 1024w, https:\/\/www.contactturkiye.com\/wp-content\/uploads\/2024\/11\/13-768x403.png 768w\" sizes=\"(max-width: 1500px) 100vw, 1500px\" \/>\t\t\t\t\t\t\t\t\t\t\t\t\t\t\t<\/div>\n\t\t\t\t<\/div>\n\t\t\t\t<div class=\"elementor-element elementor-element-a4f4ced elementor-widget elementor-widget-text-editor\" data-id=\"a4f4ced\" data-element_type=\"widget\" data-e-type=\"widget\" data-widget_type=\"text-editor.default\">\n\t\t\t\t<div class=\"elementor-widget-container\">\n\t\t\t\t\t\t\t\t\t<p>Baz\u0131 start-up\u2019lar i\u00e7in nihai hedef, giri\u015fimi de\u011ferli bir hale getirip stratejik bir sat\u0131\u015f yapmakt\u0131r. E\u011fer giri\u015fiminizi satmay\u0131 d\u00fc\u015f\u00fcn\u00fcyorsan\u0131z, sizin en uygun al\u0131c\u0131larla bulu\u015fman\u0131z\u0131 sa\u011fl\u0131yoruz. \u015eirket de\u011ferlemesi, al\u0131c\u0131 adaylar\u0131yla g\u00f6r\u00fc\u015fmeler ve sat\u0131\u015f s\u00fcre\u00e7lerini profesyonelce y\u00f6neterek, giri\u015fiminizin hak etti\u011fi de\u011ferde bir sat\u0131\u015f ger\u00e7ekle\u015ftirilmesini m\u00fcmk\u00fcn k\u0131l\u0131yoruz.<\/p><p>Start-up yolculu\u011funuzun hangi a\u015famas\u0131nda olursan\u0131z olun, ihtiya\u00e7lar\u0131n\u0131za uygun esnek \u00e7\u00f6z\u00fcmler sunuyoruz. Hedeflerinize ula\u015fman\u0131z i\u00e7in yan\u0131n\u0131zday\u0131z!<\/p>\t\t\t\t\t\t\t\t<\/div>\n\t\t\t\t<\/div>\n\t\t\t\t\t<\/div>\n\t\t<\/div>\n\t\t\t\t\t<\/div>\n\t\t<\/section>\n\t\t<div class=\"elementor-element elementor-element-d972557 elementor-hidden-tablet e-flex e-con-boxed e-con e-parent\" data-id=\"d972557\" data-element_type=\"container\" data-e-type=\"container\">\n\t\t\t\t\t<div class=\"e-con-inner\">\n\t\t\t\t<div class=\"elementor-element elementor-element-84ddfe3 elementor-hidden-desktop elementor-hidden-tablet elementor-widget elementor-widget-consua_service_cta\" data-id=\"84ddfe3\" data-element_type=\"widget\" data-e-type=\"widget\" data-widget_type=\"consua_service_cta.default\">\n\t\t\t\t<div class=\"elementor-widget-container\">\n\t\t\t\t\t    <!-- Start Service CTA\r\n    ============================================= -->\r\n    <div class=\"single-widget bg-dark quick-contact-widget text-light\" style=\"background-image: url(https:\/\/validthemes.net\/themeforest\/wp\/consua\/wp-content\/uploads\/2023\/09\/15.png);\">\r\n        <div class=\"content\">\r\n            <h3>Yard\u0131ma m\u0131 ihtiyac\u0131n\u0131z var?<\/h3>\r\n            <p>\r\n              Size Nas\u0131l Yard\u0131mc\u0131 Olabiliriz. \u0130ster Form Doldur \u0130ster Ara . Her Zaman Bize Ula\u015fabilirisiniz\n\n            <\/p>\r\n            <h3>+90 216 706 18 39<\/h3>            <h2><a href=\"mailto:info@contactturkiye.com\">info@contactturkiye.com<\/a><\/h2>                        \t<a class=\"btn mt-30 circle btn-sm btn-gradient\" href=\"https:\/\/www.contactturkiye.com\/iletisim\/\">Bizimle \u0130leti\u015fime Ge\u00e7<\/a>\r\n        \t        <\/div>\r\n    <\/div>\r\n    <!-- End Service CTA -->\r\n\t\t\t\t\t<\/div>\n\t\t\t\t<\/div>\n\t\t\t\t\t<\/div>\n\t\t\t\t<\/div>\n\t\t\t\t<\/div>\n\t\t","protected":false},"excerpt":{"rendered":"<p>Start-Up \u00c7\u00f6z\u00fcm Paketimiz Yat\u0131r\u0131m Bulma \u00d6n Sipari\u015f Alma Giri\u015fiminizi Satma Yard\u0131ma m\u0131 ihtiyac\u0131n\u0131z var? Size Nas\u0131l Yard\u0131mc\u0131 Olabiliriz. \u0130ster Form Doldur \u0130ster Ara . Her Zaman Bize Ula\u015fabilirisiniz +90 216 706 18 39 info@contactturkiye.com Bizimle \u0130leti\u015fime Ge\u00e7 Baz\u0131 start-up\u2019lar i\u00e7in nihai hedef, giri\u015fimi de\u011ferli bir hale getirip stratejik bir sat\u0131\u015f yapmakt\u0131r. E\u011fer giri\u015fiminizi satmay\u0131 d\u00fc\u015f\u00fcn\u00fcyorsan\u0131z,&#8230;<\/p>\n","protected":false},"author":1,"featured_media":0,"parent":0,"menu_order":0,"comment_status":"closed","ping_status":"closed","template":"","meta":{"footnotes":""},"class_list":["post-4534","page","type-page","status-publish","hentry"],"_links":{"self":[{"href":"https:\/\/www.contactturkiye.com\/en\/wp-json\/wp\/v2\/pages\/4534","targetHints":{"allow":["GET"]}}],"collection":[{"href":"https:\/\/www.contactturkiye.com\/en\/wp-json\/wp\/v2\/pages"}],"about":[{"href":"https:\/\/www.contactturkiye.com\/en\/wp-json\/wp\/v2\/types\/page"}],"author":[{"embeddable":true,"href":"https:\/\/www.contactturkiye.com\/en\/wp-json\/wp\/v2\/users\/1"}],"replies":[{"embeddable":true,"href":"https:\/\/www.contactturkiye.com\/en\/wp-json\/wp\/v2\/comments?post=4534"}],"version-history":[{"count":43,"href":"https:\/\/www.contactturkiye.com\/en\/wp-json\/wp\/v2\/pages\/4534\/revisions"}],"predecessor-version":[{"id":5738,"href":"https:\/\/www.contactturkiye.com\/en\/wp-json\/wp\/v2\/pages\/4534\/revisions\/5738"}],"wp:attachment":[{"href":"https:\/\/www.contactturkiye.com\/en\/wp-json\/wp\/v2\/media?parent=4534"}],"curies":[{"name":"wp","href":"https:\/\/api.w.org\/{rel}","templated":true}]}}